{"id":6899,"date":"2024-03-30T14:56:28","date_gmt":"2024-03-30T13:56:28","guid":{"rendered":"https:\/\/military-classic-auction.com\/?post_type=product&#038;p=6899"},"modified":"2024-03-30T14:56:28","modified_gmt":"2024-03-30T13:56:28","slug":"ensemble-de-barrettes-de-rappel-de-medailles","status":"publish","type":"product","link":"https:\/\/military-classic-auction.com\/en\/product\/ensemble-de-barrettes-de-rappel-de-medailles\/","title":{"rendered":"Ensemble de barrettes de rappel de m\u00e9dailles"},"content":{"rendered":"<p>Ensemble de barrettes de rappel de m\u00e9dailles<br \/>\nDiverses d\u00e9corations :<br \/>\n&#8211; Croix de fer 2\u00e8me classe<br \/>\n&#8211; Croix du m\u00e9rite avec glaives<br \/>\n&#8211; Front Russe<br \/>\n&#8211; M\u00e9daille 4 ans de service<br \/>\n&#8211; etc.<br \/>\nLongueur des 5 rappels : 7,5cm<br \/>\n&#8211;<br \/>\nMedal reminder bar set<br \/>\nVarious decorations:<br \/>\n&#8211; Iron Cross 2nd class<br \/>\n&#8211; Cross of Merit with swords<br \/>\n&#8211; Russian Front<br \/>\n&#8211; Medal for 4 years of service<br \/>\n&#8211; etc.<br \/>\nLength of the 5 reminders: 2,9&Prime;<\/p>","protected":false},"excerpt":{"rendered":"<p>Ensemble de barrettes de rappel de m\u00e9dailles Diverses d\u00e9corations : &#8211; Croix de fer 2\u00e8me classe &#8211; Croix du m\u00e9rite avec glaives &#8211; Front Russe &#8211; M\u00e9daille 4 ans de service &#8211; etc. Longueur des 5 rappels : 7,5cm &#8211; Medal reminder bar set Various decorations: &#8211; Iron Cross 2nd class &#8211; Cross of Merit<a class=\"more-link\" href=\"https:\/\/military-classic-auction.com\/en\/product\/ensemble-de-barrettes-de-rappel-de-medailles\/\">Read more  &#10230;<\/a><\/p>","protected":false},"featured_media":5222,"template":"","meta":[],"product_brand":[],"product_cat":[15],"product_tag":[],"class_list":{"0":"post-6899","1":"product","2":"type-product","3":"status-publish","4":"has-post-thumbnail","6":"product_cat-dagues-3e-202402","8":"first","9":"instock","10":"sold-individually","11":"purchasable","12":"product-type-auction"},"aioseo_notices":[],"_links":{"self":[{"href":"https:\/\/military-classic-auction.com\/en\/wp-json\/wp\/v2\/product\/6899","targetHints":{"allow":["GET"]}}],"collection":[{"href":"https:\/\/military-classic-auction.com\/en\/wp-json\/wp\/v2\/product"}],"about":[{"href":"https:\/\/military-classic-auction.com\/en\/wp-json\/wp\/v2\/types\/product"}],"wp:featuredmedia":[{"embeddable":true,"href":"https:\/\/military-classic-auction.com\/en\/wp-json\/wp\/v2\/media\/5222"}],"wp:attachment":[{"href":"https:\/\/military-classic-auction.com\/en\/wp-json\/wp\/v2\/media?parent=6899"}],"wp:term":[{"taxonomy":"product_brand","embeddable":true,"href":"https:\/\/military-classic-auction.com\/en\/wp-json\/wp\/v2\/product_brand?post=6899"},{"taxonomy":"product_cat","embeddable":true,"href":"https:\/\/military-classic-auction.com\/en\/wp-json\/wp\/v2\/product_cat?post=6899"},{"taxonomy":"product_tag","embeddable":true,"href":"https:\/\/military-classic-auction.com\/en\/wp-json\/wp\/v2\/product_tag?post=6899"}],"curies":[{"name":"wp","href":"https:\/\/api.w.org\/{rel}","templated":true}]}}