{"id":6898,"date":"2024-03-30T14:56:27","date_gmt":"2024-03-30T13:56:27","guid":{"rendered":"https:\/\/military-classic-auction.com\/?post_type=product&#038;p=6898"},"modified":"2024-04-15T04:26:11","modified_gmt":"2024-04-15T04:26:11","slug":"3-rappels-medaille-des-meres-echelons-bronze-argent-et-or","status":"publish","type":"product","link":"https:\/\/military-classic-auction.com\/en\/product\/3-rappels-medaille-des-meres-echelons-bronze-argent-et-or\/","title":{"rendered":"3 rappels &#8211; M\u00e9daille des m\u00e8res &#8211; \u00c9chelons \u00ab\u00a0Bronze, argent et or\u00a0\u00bb"},"content":{"rendered":"<p>3 rappels &#8211; M\u00e9daille des m\u00e8res &#8211; \u00c9chelons \u00ab\u00a0Bronze, argent et or\u00a0\u00bb<br \/>\nDans petite boite verte \u00ab\u00a0LDO\u00a0\u00bb<br \/>\nCr\u00e9\u00e9e le 16 d\u00e9cembre 1938.<br \/>\nDimension boite : 5cm x 3,5cm x 1cm<br \/>\n&#8211;<br \/>\n3 reminders &#8211; Mothers&rsquo; Medal &#8211; \u00ab\u00a0Bronze, silver and gold\u00a0\u00bb levels<br \/>\nIn small green \u00ab\u00a0LDO\u00a0\u00bb box<br \/>\nCreated on December 16, 1938.<br \/>\nBox size: 5cm x 3.5cm x 1cm<\/p>","protected":false},"excerpt":{"rendered":"<p>3 rappels &#8211; M\u00e9daille des m\u00e8res &#8211; \u00c9chelons \u00ab\u00a0Bronze, argent et or\u00a0\u00bb Dans petite boite verte \u00ab\u00a0LDO\u00a0\u00bb Cr\u00e9\u00e9e le 16 d\u00e9cembre 1938. Dimension boite : 5cm x 3,5cm x 1cm &#8211; 3 reminders &#8211; Mothers&rsquo; Medal &#8211; \u00ab\u00a0Bronze, silver and gold\u00a0\u00bb levels In small green \u00ab\u00a0LDO\u00a0\u00bb box Created on December 16, 1938. Box size: 5cm<a class=\"more-link\" href=\"https:\/\/military-classic-auction.com\/en\/product\/3-rappels-medaille-des-meres-echelons-bronze-argent-et-or\/\">Read more  &#10230;<\/a><\/p>","protected":false},"featured_media":5234,"template":"","meta":[],"product_brand":[],"product_cat":[15],"product_tag":[],"class_list":{"0":"post-6898","1":"product","2":"type-product","3":"status-publish","4":"has-post-thumbnail","6":"product_cat-dagues-3e-202402","8":"first","9":"instock","10":"sold-individually","11":"purchasable","12":"product-type-auction"},"aioseo_notices":[],"_links":{"self":[{"href":"https:\/\/military-classic-auction.com\/en\/wp-json\/wp\/v2\/product\/6898","targetHints":{"allow":["GET"]}}],"collection":[{"href":"https:\/\/military-classic-auction.com\/en\/wp-json\/wp\/v2\/product"}],"about":[{"href":"https:\/\/military-classic-auction.com\/en\/wp-json\/wp\/v2\/types\/product"}],"wp:featuredmedia":[{"embeddable":true,"href":"https:\/\/military-classic-auction.com\/en\/wp-json\/wp\/v2\/media\/5234"}],"wp:attachment":[{"href":"https:\/\/military-classic-auction.com\/en\/wp-json\/wp\/v2\/media?parent=6898"}],"wp:term":[{"taxonomy":"product_brand","embeddable":true,"href":"https:\/\/military-classic-auction.com\/en\/wp-json\/wp\/v2\/product_brand?post=6898"},{"taxonomy":"product_cat","embeddable":true,"href":"https:\/\/military-classic-auction.com\/en\/wp-json\/wp\/v2\/product_cat?post=6898"},{"taxonomy":"product_tag","embeddable":true,"href":"https:\/\/military-classic-auction.com\/en\/wp-json\/wp\/v2\/product_tag?post=6898"}],"curies":[{"name":"wp","href":"https:\/\/api.w.org\/{rel}","templated":true}]}}