{"id":6892,"date":"2024-03-30T14:56:25","date_gmt":"2024-03-30T13:56:25","guid":{"rendered":"https:\/\/military-classic-auction.com\/?post_type=product&#038;p=6892"},"modified":"2024-04-15T04:22:12","modified_gmt":"2024-04-15T04:22:12","slug":"medaille-de-lannexion-des-sudetes-1938-4","status":"publish","type":"product","link":"https:\/\/military-classic-auction.com\/en\/product\/medaille-de-lannexion-des-sudetes-1938-4\/","title":{"rendered":"M\u00e9daille de l&rsquo;annexion des Sud\u00e8tes 1938"},"content":{"rendered":"<p>M\u00e9daille de l&rsquo;annexion des Sud\u00e8tes 1938<br \/>\nCr\u00e9\u00e9e en 1938, pour comm\u00e9morer l&rsquo;annexion des Sud\u00e8tes le premier octobre 1938.<br \/>\nRuban pr\u00e9sent.<br \/>\nDans sa boite.<br \/>\n&#8211;<br \/>\nMedal of the annexation of the Sudetenland 1938<br \/>\nCreated in 1938, to commemorate the annexation of the Sudetenland on October 1, 1938.<br \/>\nRibbon present.<br \/>\nIn its box.<\/p>","protected":false},"excerpt":{"rendered":"<p>M\u00e9daille de l&rsquo;annexion des Sud\u00e8tes 1938 Cr\u00e9\u00e9e en 1938, pour comm\u00e9morer l&rsquo;annexion des Sud\u00e8tes le premier octobre 1938. Ruban pr\u00e9sent. Dans sa boite. &#8211; Medal of the annexation of the Sudetenland 1938 Created in 1938, to commemorate the annexation of the Sudetenland on October 1, 1938. Ribbon present. In its box.<\/p>","protected":false},"featured_media":5183,"template":"","meta":[],"product_brand":[],"product_cat":[15],"product_tag":[],"class_list":{"0":"post-6892","1":"product","2":"type-product","3":"status-publish","4":"has-post-thumbnail","6":"product_cat-dagues-3e-202402","8":"first","9":"instock","10":"sold-individually","11":"purchasable","12":"product-type-auction"},"aioseo_notices":[],"_links":{"self":[{"href":"https:\/\/military-classic-auction.com\/en\/wp-json\/wp\/v2\/product\/6892","targetHints":{"allow":["GET"]}}],"collection":[{"href":"https:\/\/military-classic-auction.com\/en\/wp-json\/wp\/v2\/product"}],"about":[{"href":"https:\/\/military-classic-auction.com\/en\/wp-json\/wp\/v2\/types\/product"}],"wp:featuredmedia":[{"embeddable":true,"href":"https:\/\/military-classic-auction.com\/en\/wp-json\/wp\/v2\/media\/5183"}],"wp:attachment":[{"href":"https:\/\/military-classic-auction.com\/en\/wp-json\/wp\/v2\/media?parent=6892"}],"wp:term":[{"taxonomy":"product_brand","embeddable":true,"href":"https:\/\/military-classic-auction.com\/en\/wp-json\/wp\/v2\/product_brand?post=6892"},{"taxonomy":"product_cat","embeddable":true,"href":"https:\/\/military-classic-auction.com\/en\/wp-json\/wp\/v2\/product_cat?post=6892"},{"taxonomy":"product_tag","embeddable":true,"href":"https:\/\/military-classic-auction.com\/en\/wp-json\/wp\/v2\/product_tag?post=6892"}],"curies":[{"name":"wp","href":"https:\/\/api.w.org\/{rel}","templated":true}]}}