{"id":6889,"date":"2024-03-30T14:56:22","date_gmt":"2024-03-30T13:56:22","guid":{"rendered":"https:\/\/military-classic-auction.com\/?post_type=product&#038;p=6889"},"modified":"2024-04-15T04:10:19","modified_gmt":"2024-04-15T04:10:19","slug":"medaille-de-lannexion-des-sudetes-1938","status":"publish","type":"product","link":"https:\/\/military-classic-auction.com\/en\/product\/medaille-de-lannexion-des-sudetes-1938\/","title":{"rendered":"M\u00e9daille de l&rsquo;annexion des Sud\u00e8tes 1938"},"content":{"rendered":"<p>M\u00e9daille de l&rsquo;annexion des Sud\u00e8tes 1938<br \/>\nCr\u00e9\u00e9e en 1938, pour comm\u00e9morer l&rsquo;annexion des Sud\u00e8tes le premier octobre 1938.<br \/>\nLe ruban et l&rsquo;agrafe sont pr\u00e9sents.<br \/>\nDans sa boite.<br \/>\n&#8211;<br \/>\nMedal of the annexation of the Sudetenland 1938<br \/>\nCreated in 1938, to commemorate the annexation of the Sudetenland on October 1, 1938.<br \/>\nThe ribbon and clip are present.<br \/>\nIn its box.<\/p>","protected":false},"excerpt":{"rendered":"<p>M\u00e9daille de l&rsquo;annexion des Sud\u00e8tes 1938 Cr\u00e9\u00e9e en 1938, pour comm\u00e9morer l&rsquo;annexion des Sud\u00e8tes le premier octobre 1938. Le ruban et l&rsquo;agrafe sont pr\u00e9sents. Dans sa boite. &#8211; Medal of the annexation of the Sudetenland 1938 Created in 1938, to commemorate the annexation of the Sudetenland on October 1, 1938. The ribbon and clip are<a class=\"more-link\" href=\"https:\/\/military-classic-auction.com\/en\/product\/medaille-de-lannexion-des-sudetes-1938\/\">Read more  &#10230;<\/a><\/p>","protected":false},"featured_media":5166,"template":"","meta":[],"product_brand":[],"product_cat":[15],"product_tag":[],"class_list":{"0":"post-6889","1":"product","2":"type-product","3":"status-publish","4":"has-post-thumbnail","6":"product_cat-dagues-3e-202402","8":"first","9":"instock","10":"sold-individually","11":"purchasable","12":"product-type-auction"},"aioseo_notices":[],"_links":{"self":[{"href":"https:\/\/military-classic-auction.com\/en\/wp-json\/wp\/v2\/product\/6889","targetHints":{"allow":["GET"]}}],"collection":[{"href":"https:\/\/military-classic-auction.com\/en\/wp-json\/wp\/v2\/product"}],"about":[{"href":"https:\/\/military-classic-auction.com\/en\/wp-json\/wp\/v2\/types\/product"}],"wp:featuredmedia":[{"embeddable":true,"href":"https:\/\/military-classic-auction.com\/en\/wp-json\/wp\/v2\/media\/5166"}],"wp:attachment":[{"href":"https:\/\/military-classic-auction.com\/en\/wp-json\/wp\/v2\/media?parent=6889"}],"wp:term":[{"taxonomy":"product_brand","embeddable":true,"href":"https:\/\/military-classic-auction.com\/en\/wp-json\/wp\/v2\/product_brand?post=6889"},{"taxonomy":"product_cat","embeddable":true,"href":"https:\/\/military-classic-auction.com\/en\/wp-json\/wp\/v2\/product_cat?post=6889"},{"taxonomy":"product_tag","embeddable":true,"href":"https:\/\/military-classic-auction.com\/en\/wp-json\/wp\/v2\/product_tag?post=6889"}],"curies":[{"name":"wp","href":"https:\/\/api.w.org\/{rel}","templated":true}]}}