{"id":6888,"date":"2024-03-30T14:56:22","date_gmt":"2024-03-30T13:56:22","guid":{"rendered":"https:\/\/military-classic-auction.com\/?post_type=product&#038;p=6888"},"modified":"2024-03-30T14:56:22","modified_gmt":"2024-03-30T13:56:22","slug":"medaille-dautriche-commemoration-du-13-mars-1938-2","status":"publish","type":"product","link":"https:\/\/military-classic-auction.com\/en\/product\/medaille-dautriche-commemoration-du-13-mars-1938-2\/","title":{"rendered":"M\u00e9daille d&rsquo;Autriche &#8211; Comm\u00e9moration du 13 mars 1938"},"content":{"rendered":"<p>M\u00e9daille d&rsquo;Autriche &#8211; Comm\u00e9moration du 13 mars 1938<br \/>\n\u00ab\u00a0EIN VOLK &#8211; EIN REICH &#8211; EIN F\u00dcHRER\u00a0\u00bb<br \/>\nRuban pr\u00e9sent.<br \/>\nDans sa boite.<br \/>\n&#8211;<br \/>\nAustrian Medal &#8211; Commemoration of March 13, 1938<br \/>\n\u00ab\u00a0EIN VOLK &#8211; EIN REICH &#8211; EIN F\u00dcHRER\u00a0\u00bb<br \/>\nRibbon present.<br \/>\nIn its box<\/p>","protected":false},"excerpt":{"rendered":"<p>M\u00e9daille d&rsquo;Autriche &#8211; Comm\u00e9moration du 13 mars 1938 \u00ab\u00a0EIN VOLK &#8211; EIN REICH &#8211; EIN F\u00dcHRER\u00a0\u00bb Ruban pr\u00e9sent. Dans sa boite. &#8211; Austrian Medal &#8211; Commemoration of March 13, 1938 \u00ab\u00a0EIN VOLK &#8211; EIN REICH &#8211; EIN F\u00dcHRER\u00a0\u00bb Ribbon present. In its box<\/p>","protected":false},"featured_media":5160,"template":"","meta":[],"product_brand":[],"product_cat":[15],"product_tag":[],"class_list":{"0":"post-6888","1":"product","2":"type-product","3":"status-publish","4":"has-post-thumbnail","6":"product_cat-dagues-3e-202402","8":"first","9":"instock","10":"sold-individually","11":"purchasable","12":"product-type-auction"},"aioseo_notices":[],"_links":{"self":[{"href":"https:\/\/military-classic-auction.com\/en\/wp-json\/wp\/v2\/product\/6888","targetHints":{"allow":["GET"]}}],"collection":[{"href":"https:\/\/military-classic-auction.com\/en\/wp-json\/wp\/v2\/product"}],"about":[{"href":"https:\/\/military-classic-auction.com\/en\/wp-json\/wp\/v2\/types\/product"}],"wp:featuredmedia":[{"embeddable":true,"href":"https:\/\/military-classic-auction.com\/en\/wp-json\/wp\/v2\/media\/5160"}],"wp:attachment":[{"href":"https:\/\/military-classic-auction.com\/en\/wp-json\/wp\/v2\/media?parent=6888"}],"wp:term":[{"taxonomy":"product_brand","embeddable":true,"href":"https:\/\/military-classic-auction.com\/en\/wp-json\/wp\/v2\/product_brand?post=6888"},{"taxonomy":"product_cat","embeddable":true,"href":"https:\/\/military-classic-auction.com\/en\/wp-json\/wp\/v2\/product_cat?post=6888"},{"taxonomy":"product_tag","embeddable":true,"href":"https:\/\/military-classic-auction.com\/en\/wp-json\/wp\/v2\/product_tag?post=6888"}],"curies":[{"name":"wp","href":"https:\/\/api.w.org\/{rel}","templated":true}]}}