{"id":6876,"date":"2024-03-30T14:56:16","date_gmt":"2024-03-30T13:56:16","guid":{"rendered":"https:\/\/military-classic-auction.com\/?post_type=product&#038;p=6876"},"modified":"2024-04-15T04:46:07","modified_gmt":"2024-04-15T04:46:07","slug":"fanion-commemoratif","status":"publish","type":"product","link":"https:\/\/military-classic-auction.com\/en\/product\/fanion-commemoratif\/","title":{"rendered":"Fanion comm\u00e9moratif"},"content":{"rendered":"<p>Fanion comm\u00e9moratif<br \/>\nTissu brod\u00e9.<br \/>\nDat\u00e9 1935<br \/>\n(Usures)<br \/>\nDimension : 75cm x 16,5cm<br \/>\n&#8211;<br \/>\nCommemorative pennant<br \/>\nEmbroidered fabric.<br \/>\nDated 1935<br \/>\n(Wear)<br \/>\nDimensions: 29,5&Prime;  x 6,5&Prime;<\/p>","protected":false},"excerpt":{"rendered":"<p>Fanion comm\u00e9moratif Tissu brod\u00e9. Dat\u00e9 1935 (Usures) Dimension : 75cm x 16,5cm &#8211; Commemorative pennant Embroidered fabric. Dated 1935 (Wear) Dimensions: 29,5&Prime; x 6,5&Prime;<\/p>","protected":false},"featured_media":5087,"template":"","meta":[],"product_brand":[],"product_cat":[15],"product_tag":[],"class_list":{"0":"post-6876","1":"product","2":"type-product","3":"status-publish","4":"has-post-thumbnail","6":"product_cat-dagues-3e-202402","8":"first","9":"instock","10":"sold-individually","11":"purchasable","12":"product-type-auction"},"aioseo_notices":[],"_links":{"self":[{"href":"https:\/\/military-classic-auction.com\/en\/wp-json\/wp\/v2\/product\/6876","targetHints":{"allow":["GET"]}}],"collection":[{"href":"https:\/\/military-classic-auction.com\/en\/wp-json\/wp\/v2\/product"}],"about":[{"href":"https:\/\/military-classic-auction.com\/en\/wp-json\/wp\/v2\/types\/product"}],"wp:featuredmedia":[{"embeddable":true,"href":"https:\/\/military-classic-auction.com\/en\/wp-json\/wp\/v2\/media\/5087"}],"wp:attachment":[{"href":"https:\/\/military-classic-auction.com\/en\/wp-json\/wp\/v2\/media?parent=6876"}],"wp:term":[{"taxonomy":"product_brand","embeddable":true,"href":"https:\/\/military-classic-auction.com\/en\/wp-json\/wp\/v2\/product_brand?post=6876"},{"taxonomy":"product_cat","embeddable":true,"href":"https:\/\/military-classic-auction.com\/en\/wp-json\/wp\/v2\/product_cat?post=6876"},{"taxonomy":"product_tag","embeddable":true,"href":"https:\/\/military-classic-auction.com\/en\/wp-json\/wp\/v2\/product_tag?post=6876"}],"curies":[{"name":"wp","href":"https:\/\/api.w.org\/{rel}","templated":true}]}}