{"id":6875,"date":"2024-03-30T14:56:15","date_gmt":"2024-03-30T13:56:15","guid":{"rendered":"https:\/\/military-classic-auction.com\/?post_type=product&#038;p=6875"},"modified":"2024-03-30T14:56:15","modified_gmt":"2024-03-30T13:56:15","slug":"xylophone-de-fanfare-militaire","status":"publish","type":"product","link":"https:\/\/military-classic-auction.com\/en\/product\/xylophone-de-fanfare-militaire\/","title":{"rendered":"Xylophone de fanfare militaire"},"content":{"rendered":"<p>Xylophone de fanfare militaire<br \/>\nEn m\u00e9tal argent\u00e9 avec ses deux crini\u00e8res bicolores.<br \/>\nHauteur : 86,5cm<br \/>\nLargeur : 60cm environ<br \/>\nPas de marquage visible.<br \/>\n(manque, bosses, usures)<br \/>\n&#8211;<br \/>\nMilitary band xylophone<br \/>\nIn silver metal with its two two-tone manes.<br \/>\nHeight: 34&Prime;<br \/>\nWidth: approximately 23,6&Prime;<br \/>\nNo visible marking.<br \/>\n(missing, dents, wear)<\/p>","protected":false},"excerpt":{"rendered":"<p>Xylophone de fanfare militaire En m\u00e9tal argent\u00e9 avec ses deux crini\u00e8res bicolores. Hauteur : 86,5cm Largeur : 60cm environ Pas de marquage visible. (manque, bosses, usures) &#8211; Military band xylophone In silver metal with its two two-tone manes. Height: 34&Prime; Width: approximately 23,6&Prime; No visible marking. (missing, dents, wear)<\/p>","protected":false},"featured_media":5077,"template":"","meta":[],"product_brand":[],"product_cat":[15],"product_tag":[],"class_list":{"0":"post-6875","1":"product","2":"type-product","3":"status-publish","4":"has-post-thumbnail","6":"product_cat-dagues-3e-202402","8":"first","9":"instock","10":"sold-individually","11":"purchasable","12":"product-type-auction"},"aioseo_notices":[],"_links":{"self":[{"href":"https:\/\/military-classic-auction.com\/en\/wp-json\/wp\/v2\/product\/6875","targetHints":{"allow":["GET"]}}],"collection":[{"href":"https:\/\/military-classic-auction.com\/en\/wp-json\/wp\/v2\/product"}],"about":[{"href":"https:\/\/military-classic-auction.com\/en\/wp-json\/wp\/v2\/types\/product"}],"wp:featuredmedia":[{"embeddable":true,"href":"https:\/\/military-classic-auction.com\/en\/wp-json\/wp\/v2\/media\/5077"}],"wp:attachment":[{"href":"https:\/\/military-classic-auction.com\/en\/wp-json\/wp\/v2\/media?parent=6875"}],"wp:term":[{"taxonomy":"product_brand","embeddable":true,"href":"https:\/\/military-classic-auction.com\/en\/wp-json\/wp\/v2\/product_brand?post=6875"},{"taxonomy":"product_cat","embeddable":true,"href":"https:\/\/military-classic-auction.com\/en\/wp-json\/wp\/v2\/product_cat?post=6875"},{"taxonomy":"product_tag","embeddable":true,"href":"https:\/\/military-classic-auction.com\/en\/wp-json\/wp\/v2\/product_tag?post=6875"}],"curies":[{"name":"wp","href":"https:\/\/api.w.org\/{rel}","templated":true}]}}