{"id":6872,"date":"2024-03-30T14:56:14","date_gmt":"2024-03-30T13:56:14","guid":{"rendered":"https:\/\/military-classic-auction.com\/?post_type=product&#038;p=6872"},"modified":"2024-03-30T14:56:14","modified_gmt":"2024-03-30T13:56:14","slug":"porte-tambour-de-musicien-luftwaffe","status":"publish","type":"product","link":"https:\/\/military-classic-auction.com\/en\/product\/porte-tambour-de-musicien-luftwaffe\/","title":{"rendered":"Porte tambour de musicien &#8211; Luftwaffe"},"content":{"rendered":"<p>Porte tambour de musicien &#8211; Luftwaffe<br \/>\nFabrication : \u00ab\u00a0Gebr. Orban Hirschbach\u00a0\u00bb<br \/>\nPlastron en m\u00e9tal articul\u00e9 avec aigle Luftwaffe<br \/>\nDeux crochets m\u00e9talliques de suspension.<br \/>\nPassant de ceinturon en cuir.<br \/>\nHauteur totale : 25cm<br \/>\n&#8211;<br \/>\nMusician drum holder &#8211; Luftwaffe<br \/>\nManufactured: \u00ab\u00a0Gebr. Orban Hirschbach\u00a0\u00bb<br \/>\nArticulated metal breastplate with Luftwaffe eagle<br \/>\nTwo metal hanging hooks.<br \/>\nLeather belt loop.<br \/>\nTotal height: 9,8&Prime;<\/p>","protected":false},"excerpt":{"rendered":"<p>Porte tambour de musicien &#8211; Luftwaffe Fabrication : \u00ab\u00a0Gebr. Orban Hirschbach\u00a0\u00bb Plastron en m\u00e9tal articul\u00e9 avec aigle Luftwaffe Deux crochets m\u00e9talliques de suspension. Passant de ceinturon en cuir. Hauteur totale : 25cm &#8211; Musician drum holder &#8211; Luftwaffe Manufactured: \u00ab\u00a0Gebr. Orban Hirschbach\u00a0\u00bb Articulated metal breastplate with Luftwaffe eagle Two metal hanging hooks. Leather belt loop.<a class=\"more-link\" href=\"https:\/\/military-classic-auction.com\/en\/product\/porte-tambour-de-musicien-luftwaffe\/\">Read more  &#10230;<\/a><\/p>","protected":false},"featured_media":5049,"template":"","meta":[],"product_brand":[],"product_cat":[15],"product_tag":[],"class_list":{"0":"post-6872","1":"product","2":"type-product","3":"status-publish","4":"has-post-thumbnail","6":"product_cat-dagues-3e-202402","8":"first","9":"instock","10":"sold-individually","11":"purchasable","12":"product-type-auction"},"aioseo_notices":[],"_links":{"self":[{"href":"https:\/\/military-classic-auction.com\/en\/wp-json\/wp\/v2\/product\/6872","targetHints":{"allow":["GET"]}}],"collection":[{"href":"https:\/\/military-classic-auction.com\/en\/wp-json\/wp\/v2\/product"}],"about":[{"href":"https:\/\/military-classic-auction.com\/en\/wp-json\/wp\/v2\/types\/product"}],"wp:featuredmedia":[{"embeddable":true,"href":"https:\/\/military-classic-auction.com\/en\/wp-json\/wp\/v2\/media\/5049"}],"wp:attachment":[{"href":"https:\/\/military-classic-auction.com\/en\/wp-json\/wp\/v2\/media?parent=6872"}],"wp:term":[{"taxonomy":"product_brand","embeddable":true,"href":"https:\/\/military-classic-auction.com\/en\/wp-json\/wp\/v2\/product_brand?post=6872"},{"taxonomy":"product_cat","embeddable":true,"href":"https:\/\/military-classic-auction.com\/en\/wp-json\/wp\/v2\/product_cat?post=6872"},{"taxonomy":"product_tag","embeddable":true,"href":"https:\/\/military-classic-auction.com\/en\/wp-json\/wp\/v2\/product_tag?post=6872"}],"curies":[{"name":"wp","href":"https:\/\/api.w.org\/{rel}","templated":true}]}}