{"id":6855,"date":"2024-03-30T14:56:04","date_gmt":"2024-03-30T13:56:04","guid":{"rendered":"https:\/\/military-classic-auction.com\/?post_type=product&#038;p=6855"},"modified":"2024-03-30T14:56:04","modified_gmt":"2024-03-30T13:56:04","slug":"rallonge-de-beliere-2","status":"publish","type":"product","link":"https:\/\/military-classic-auction.com\/en\/product\/rallonge-de-beliere-2\/","title":{"rendered":"Rallonge de b\u00e9li\u00e8re"},"content":{"rendered":"<p>Rallonge de b\u00e9li\u00e8re<br \/>\nCrochet fonctionnel.<br \/>\nLongueur totale : 10,5cm<br \/>\n(usures)<br \/>\n&#8211;<br \/>\nBail extension<br \/>\nFunctional hook.<br \/>\nTotal length: 4,1&Prime;<br \/>\n(wear and tear)<\/p>","protected":false},"excerpt":{"rendered":"<p>Rallonge de b\u00e9li\u00e8re Crochet fonctionnel. Longueur totale : 10,5cm (usures) &#8211; Bail extension Functional hook. Total length: 4,1&Prime; (wear and tear)<\/p>","protected":false},"featured_media":4963,"template":"","meta":[],"product_brand":[],"product_cat":[15],"product_tag":[],"class_list":{"0":"post-6855","1":"product","2":"type-product","3":"status-publish","4":"has-post-thumbnail","6":"product_cat-dagues-3e-202402","8":"first","9":"instock","10":"sold-individually","11":"purchasable","12":"product-type-auction"},"aioseo_notices":[],"_links":{"self":[{"href":"https:\/\/military-classic-auction.com\/en\/wp-json\/wp\/v2\/product\/6855","targetHints":{"allow":["GET"]}}],"collection":[{"href":"https:\/\/military-classic-auction.com\/en\/wp-json\/wp\/v2\/product"}],"about":[{"href":"https:\/\/military-classic-auction.com\/en\/wp-json\/wp\/v2\/types\/product"}],"wp:featuredmedia":[{"embeddable":true,"href":"https:\/\/military-classic-auction.com\/en\/wp-json\/wp\/v2\/media\/4963"}],"wp:attachment":[{"href":"https:\/\/military-classic-auction.com\/en\/wp-json\/wp\/v2\/media?parent=6855"}],"wp:term":[{"taxonomy":"product_brand","embeddable":true,"href":"https:\/\/military-classic-auction.com\/en\/wp-json\/wp\/v2\/product_brand?post=6855"},{"taxonomy":"product_cat","embeddable":true,"href":"https:\/\/military-classic-auction.com\/en\/wp-json\/wp\/v2\/product_cat?post=6855"},{"taxonomy":"product_tag","embeddable":true,"href":"https:\/\/military-classic-auction.com\/en\/wp-json\/wp\/v2\/product_tag?post=6855"}],"curies":[{"name":"wp","href":"https:\/\/api.w.org\/{rel}","templated":true}]}}