{"id":6852,"date":"2024-03-30T14:56:02","date_gmt":"2024-03-30T13:56:02","guid":{"rendered":"https:\/\/military-classic-auction.com\/?post_type=product&#038;p=6852"},"modified":"2024-03-30T14:56:02","modified_gmt":"2024-03-30T13:56:02","slug":"rallonge-de-beliere","status":"publish","type":"product","link":"https:\/\/military-classic-auction.com\/en\/product\/rallonge-de-beliere\/","title":{"rendered":"Rallonge de b\u00e9li\u00e8re"},"content":{"rendered":"<p>Rallonge de b\u00e9li\u00e8re<br \/>\nCuir marron.<br \/>\nCrochet fonctionnel.<br \/>\nLongueur totale : 11cm<br \/>\n&#8211;<br \/>\nBail extension<br \/>\nBrown leather.<br \/>\nFunctional hook.<br \/>\nTotal length: 4,3&Prime;<\/p>","protected":false},"excerpt":{"rendered":"<p>Rallonge de b\u00e9li\u00e8re Cuir marron. Crochet fonctionnel. Longueur totale : 11cm &#8211; Bail extension Brown leather. Functional hook. Total length: 4,3&Prime;<\/p>","protected":false},"featured_media":4944,"template":"","meta":[],"product_brand":[],"product_cat":[15],"product_tag":[],"class_list":{"0":"post-6852","1":"product","2":"type-product","3":"status-publish","4":"has-post-thumbnail","6":"product_cat-dagues-3e-202402","8":"first","9":"instock","10":"sold-individually","11":"purchasable","12":"product-type-auction"},"aioseo_notices":[],"_links":{"self":[{"href":"https:\/\/military-classic-auction.com\/en\/wp-json\/wp\/v2\/product\/6852","targetHints":{"allow":["GET"]}}],"collection":[{"href":"https:\/\/military-classic-auction.com\/en\/wp-json\/wp\/v2\/product"}],"about":[{"href":"https:\/\/military-classic-auction.com\/en\/wp-json\/wp\/v2\/types\/product"}],"wp:featuredmedia":[{"embeddable":true,"href":"https:\/\/military-classic-auction.com\/en\/wp-json\/wp\/v2\/media\/4944"}],"wp:attachment":[{"href":"https:\/\/military-classic-auction.com\/en\/wp-json\/wp\/v2\/media?parent=6852"}],"wp:term":[{"taxonomy":"product_brand","embeddable":true,"href":"https:\/\/military-classic-auction.com\/en\/wp-json\/wp\/v2\/product_brand?post=6852"},{"taxonomy":"product_cat","embeddable":true,"href":"https:\/\/military-classic-auction.com\/en\/wp-json\/wp\/v2\/product_cat?post=6852"},{"taxonomy":"product_tag","embeddable":true,"href":"https:\/\/military-classic-auction.com\/en\/wp-json\/wp\/v2\/product_tag?post=6852"}],"curies":[{"name":"wp","href":"https:\/\/api.w.org\/{rel}","templated":true}]}}