{"id":6833,"date":"2024-03-30T14:55:52","date_gmt":"2024-03-30T13:55:52","guid":{"rendered":"https:\/\/military-classic-auction.com\/?post_type=product&#038;p=6833"},"modified":"2024-03-30T14:55:52","modified_gmt":"2024-03-30T13:55:52","slug":"ceinturon-dofficier-3","status":"publish","type":"product","link":"https:\/\/military-classic-auction.com\/en\/product\/ceinturon-dofficier-3\/","title":{"rendered":"Ceinturon d&rsquo;officier"},"content":{"rendered":"<p>Ceinturon d&rsquo;officier<br \/>\nBoucle dor\u00e9e \u00e0 deux ardillons en m\u00e9tal.<br \/>\nCeinturon en cuir noir de taille 105.<br \/>\nCuir marqu\u00e9 : \u00ab\u00a0DR K.M\u00a0\u00bb<br \/>\n&#8211;<br \/>\nOfficer&rsquo;s belt<br \/>\nGold buckle with two metal pins.<br \/>\nBlack leather belt size 105.<br \/>\nLeather marked: \u00ab\u00a0DR K.M\u00a0\u00bb<\/p>","protected":false},"excerpt":{"rendered":"<p>Ceinturon d&rsquo;officier Boucle dor\u00e9e \u00e0 deux ardillons en m\u00e9tal. Ceinturon en cuir noir de taille 105. Cuir marqu\u00e9 : \u00ab\u00a0DR K.M\u00a0\u00bb &#8211; Officer&rsquo;s belt Gold buckle with two metal pins. Black leather belt size 105. Leather marked: \u00ab\u00a0DR K.M\u00a0\u00bb<\/p>","protected":false},"featured_media":4859,"template":"","meta":[],"product_brand":[],"product_cat":[15],"product_tag":[],"class_list":{"0":"post-6833","1":"product","2":"type-product","3":"status-publish","4":"has-post-thumbnail","6":"product_cat-dagues-3e-202402","8":"first","9":"instock","10":"sold-individually","11":"purchasable","12":"product-type-auction"},"aioseo_notices":[],"_links":{"self":[{"href":"https:\/\/military-classic-auction.com\/en\/wp-json\/wp\/v2\/product\/6833","targetHints":{"allow":["GET"]}}],"collection":[{"href":"https:\/\/military-classic-auction.com\/en\/wp-json\/wp\/v2\/product"}],"about":[{"href":"https:\/\/military-classic-auction.com\/en\/wp-json\/wp\/v2\/types\/product"}],"wp:featuredmedia":[{"embeddable":true,"href":"https:\/\/military-classic-auction.com\/en\/wp-json\/wp\/v2\/media\/4859"}],"wp:attachment":[{"href":"https:\/\/military-classic-auction.com\/en\/wp-json\/wp\/v2\/media?parent=6833"}],"wp:term":[{"taxonomy":"product_brand","embeddable":true,"href":"https:\/\/military-classic-auction.com\/en\/wp-json\/wp\/v2\/product_brand?post=6833"},{"taxonomy":"product_cat","embeddable":true,"href":"https:\/\/military-classic-auction.com\/en\/wp-json\/wp\/v2\/product_cat?post=6833"},{"taxonomy":"product_tag","embeddable":true,"href":"https:\/\/military-classic-auction.com\/en\/wp-json\/wp\/v2\/product_tag?post=6833"}],"curies":[{"name":"wp","href":"https:\/\/api.w.org\/{rel}","templated":true}]}}