{"id":6823,"date":"2024-03-30T14:55:46","date_gmt":"2024-03-30T13:55:46","guid":{"rendered":"https:\/\/military-classic-auction.com\/?post_type=product&#038;p=6823"},"modified":"2024-04-14T11:18:49","modified_gmt":"2024-04-14T11:18:49","slug":"ceinturon-de-parade-dofficier-italien","status":"publish","type":"product","link":"https:\/\/military-classic-auction.com\/en\/product\/ceinturon-de-parade-dofficier-italien\/","title":{"rendered":"Ceinturon de parade d&rsquo;officier Italien"},"content":{"rendered":"<p>Ceinturon de parade d&rsquo;officier Italien<br \/>\n\u00ab\u00a0MVSN\u00a0\u00bb : Milice volontaire pour la s\u00e9curit\u00e9 nationale, corps militaire de l&rsquo;Italie fasciste.<br \/>\nBouclerie en m\u00e9tal dor\u00e9, sans marquages visible.<br \/>\n(usures, passant d\u00e9cousu)<br \/>\n&#8211;<br \/>\nItalian officer&rsquo;s parade belt<br \/>\n\u00ab\u00a0MVSN\u00a0\u00bb: Volunteer militia for national security, military body of fascist Italy.<br \/>\nGold metal buckles, without visible markings.<br \/>\n(wear, unstitched loop)<\/p>","protected":false},"excerpt":{"rendered":"<p>Ceinturon de parade d&rsquo;officier Italien \u00ab\u00a0MVSN\u00a0\u00bb : Milice volontaire pour la s\u00e9curit\u00e9 nationale, corps militaire de l&rsquo;Italie fasciste. Bouclerie en m\u00e9tal dor\u00e9, sans marquages visible. (usures, passant d\u00e9cousu) &#8211; Italian officer&rsquo;s parade belt \u00ab\u00a0MVSN\u00a0\u00bb: Volunteer militia for national security, military body of fascist Italy. Gold metal buckles, without visible markings. (wear, unstitched loop)<\/p>","protected":false},"featured_media":4799,"template":"","meta":[],"product_brand":[],"product_cat":[15],"product_tag":[],"class_list":{"0":"post-6823","1":"product","2":"type-product","3":"status-publish","4":"has-post-thumbnail","6":"product_cat-dagues-3e-202402","8":"first","9":"instock","10":"sold-individually","11":"purchasable","12":"product-type-auction"},"aioseo_notices":[],"_links":{"self":[{"href":"https:\/\/military-classic-auction.com\/en\/wp-json\/wp\/v2\/product\/6823","targetHints":{"allow":["GET"]}}],"collection":[{"href":"https:\/\/military-classic-auction.com\/en\/wp-json\/wp\/v2\/product"}],"about":[{"href":"https:\/\/military-classic-auction.com\/en\/wp-json\/wp\/v2\/types\/product"}],"wp:featuredmedia":[{"embeddable":true,"href":"https:\/\/military-classic-auction.com\/en\/wp-json\/wp\/v2\/media\/4799"}],"wp:attachment":[{"href":"https:\/\/military-classic-auction.com\/en\/wp-json\/wp\/v2\/media?parent=6823"}],"wp:term":[{"taxonomy":"product_brand","embeddable":true,"href":"https:\/\/military-classic-auction.com\/en\/wp-json\/wp\/v2\/product_brand?post=6823"},{"taxonomy":"product_cat","embeddable":true,"href":"https:\/\/military-classic-auction.com\/en\/wp-json\/wp\/v2\/product_cat?post=6823"},{"taxonomy":"product_tag","embeddable":true,"href":"https:\/\/military-classic-auction.com\/en\/wp-json\/wp\/v2\/product_tag?post=6823"}],"curies":[{"name":"wp","href":"https:\/\/api.w.org\/{rel}","templated":true}]}}