{"id":6816,"date":"2024-03-30T14:55:42","date_gmt":"2024-03-30T13:55:42","guid":{"rendered":"https:\/\/military-classic-auction.com\/?post_type=product&#038;p=6816"},"modified":"2024-03-30T14:55:42","modified_gmt":"2024-03-30T13:55:42","slug":"ceinturon-en-tissu-dofficier-service-des-forets","status":"publish","type":"product","link":"https:\/\/military-classic-auction.com\/en\/product\/ceinturon-en-tissu-dofficier-service-des-forets\/","title":{"rendered":"Ceinturon en tissu d&rsquo;officier &#8211; Service des for\u00eats"},"content":{"rendered":"<p>Ceinturon en tissu d&rsquo;officier &#8211; Service des for\u00eats<br \/>\nPour tenue de sortie ou de d\u00e9fil\u00e9.<br \/>\nTissu en fil d&rsquo;aluminium, int\u00e9rieur doubl\u00e9 en toile verte.<br \/>\n&#8211;<br \/>\nOfficer&rsquo;s fabric belt &#8211; Forest Service<br \/>\nFor going out or parade outfit.<br \/>\nAluminum wire fabric, interior lined in green canvas.<\/p>","protected":false},"excerpt":{"rendered":"<p>Ceinturon en tissu d&rsquo;officier &#8211; Service des for\u00eats Pour tenue de sortie ou de d\u00e9fil\u00e9. Tissu en fil d&rsquo;aluminium, int\u00e9rieur doubl\u00e9 en toile verte. &#8211; Officer&rsquo;s fabric belt &#8211; Forest Service For going out or parade outfit. Aluminum wire fabric, interior lined in green canvas.<\/p>","protected":false},"featured_media":4731,"template":"","meta":[],"product_brand":[],"product_cat":[15],"product_tag":[],"class_list":{"0":"post-6816","1":"product","2":"type-product","3":"status-publish","4":"has-post-thumbnail","6":"product_cat-dagues-3e-202402","8":"first","9":"instock","10":"sold-individually","11":"purchasable","12":"product-type-auction"},"aioseo_notices":[],"_links":{"self":[{"href":"https:\/\/military-classic-auction.com\/en\/wp-json\/wp\/v2\/product\/6816","targetHints":{"allow":["GET"]}}],"collection":[{"href":"https:\/\/military-classic-auction.com\/en\/wp-json\/wp\/v2\/product"}],"about":[{"href":"https:\/\/military-classic-auction.com\/en\/wp-json\/wp\/v2\/types\/product"}],"wp:featuredmedia":[{"embeddable":true,"href":"https:\/\/military-classic-auction.com\/en\/wp-json\/wp\/v2\/media\/4731"}],"wp:attachment":[{"href":"https:\/\/military-classic-auction.com\/en\/wp-json\/wp\/v2\/media?parent=6816"}],"wp:term":[{"taxonomy":"product_brand","embeddable":true,"href":"https:\/\/military-classic-auction.com\/en\/wp-json\/wp\/v2\/product_brand?post=6816"},{"taxonomy":"product_cat","embeddable":true,"href":"https:\/\/military-classic-auction.com\/en\/wp-json\/wp\/v2\/product_cat?post=6816"},{"taxonomy":"product_tag","embeddable":true,"href":"https:\/\/military-classic-auction.com\/en\/wp-json\/wp\/v2\/product_tag?post=6816"}],"curies":[{"name":"wp","href":"https:\/\/api.w.org\/{rel}","templated":true}]}}