{"id":6815,"date":"2024-03-30T14:55:42","date_gmt":"2024-03-30T13:55:42","guid":{"rendered":"https:\/\/military-classic-auction.com\/?post_type=product&#038;p=6815"},"modified":"2024-03-30T14:55:42","modified_gmt":"2024-03-30T13:55:42","slug":"ceinturon-en-tissu-dofficier-luftwaffe-2","status":"publish","type":"product","link":"https:\/\/military-classic-auction.com\/en\/product\/ceinturon-en-tissu-dofficier-luftwaffe-2\/","title":{"rendered":"Ceinturon en tissu d&rsquo;officier  &#8211; Luftwaffe"},"content":{"rendered":"<p>Ceinturon en tissu d&rsquo;officier  &#8211; Luftwaffe<br \/>\nPour tenue de sortie ou de d\u00e9fil\u00e9.<br \/>\nTissu en fil d&rsquo;aluminium, int\u00e9rieur doubl\u00e9 en toile bleu.<br \/>\nCeinturon port\u00e9, manque des \u0153illets.<br \/>\n&#8211;<br \/>\nOfficer&rsquo;s fabric belt &#8211; Luftwaffe<br \/>\nFor going out or parade outfit.<br \/>\nAluminum wire fabric, interior lined in blue canvas.<br \/>\nBelt worn, missing eyelets.<\/p>","protected":false},"excerpt":{"rendered":"<p>Ceinturon en tissu d&rsquo;officier &#8211; Luftwaffe Pour tenue de sortie ou de d\u00e9fil\u00e9. Tissu en fil d&rsquo;aluminium, int\u00e9rieur doubl\u00e9 en toile bleu. Ceinturon port\u00e9, manque des \u0153illets. &#8211; Officer&rsquo;s fabric belt &#8211; Luftwaffe For going out or parade outfit. Aluminum wire fabric, interior lined in blue canvas. Belt worn, missing eyelets.<\/p>","protected":false},"featured_media":4717,"template":"","meta":[],"product_brand":[],"product_cat":[15],"product_tag":[],"class_list":{"0":"post-6815","1":"product","2":"type-product","3":"status-publish","4":"has-post-thumbnail","6":"product_cat-dagues-3e-202402","8":"first","9":"instock","10":"sold-individually","11":"purchasable","12":"product-type-auction"},"aioseo_notices":[],"_links":{"self":[{"href":"https:\/\/military-classic-auction.com\/en\/wp-json\/wp\/v2\/product\/6815","targetHints":{"allow":["GET"]}}],"collection":[{"href":"https:\/\/military-classic-auction.com\/en\/wp-json\/wp\/v2\/product"}],"about":[{"href":"https:\/\/military-classic-auction.com\/en\/wp-json\/wp\/v2\/types\/product"}],"wp:featuredmedia":[{"embeddable":true,"href":"https:\/\/military-classic-auction.com\/en\/wp-json\/wp\/v2\/media\/4717"}],"wp:attachment":[{"href":"https:\/\/military-classic-auction.com\/en\/wp-json\/wp\/v2\/media?parent=6815"}],"wp:term":[{"taxonomy":"product_brand","embeddable":true,"href":"https:\/\/military-classic-auction.com\/en\/wp-json\/wp\/v2\/product_brand?post=6815"},{"taxonomy":"product_cat","embeddable":true,"href":"https:\/\/military-classic-auction.com\/en\/wp-json\/wp\/v2\/product_cat?post=6815"},{"taxonomy":"product_tag","embeddable":true,"href":"https:\/\/military-classic-auction.com\/en\/wp-json\/wp\/v2\/product_tag?post=6815"}],"curies":[{"name":"wp","href":"https:\/\/api.w.org\/{rel}","templated":true}]}}