{"id":6814,"date":"2024-03-30T14:55:41","date_gmt":"2024-03-30T13:55:41","guid":{"rendered":"https:\/\/military-classic-auction.com\/?post_type=product&#038;p=6814"},"modified":"2024-04-13T13:21:12","modified_gmt":"2024-04-13T13:21:12","slug":"ceinturon-en-tissu-dofficier-luftwaffe","status":"publish","type":"product","link":"https:\/\/military-classic-auction.com\/en\/product\/ceinturon-en-tissu-dofficier-luftwaffe\/","title":{"rendered":"Ceinturon en tissu d&rsquo;officier  &#8211; Luftwaffe"},"content":{"rendered":"<p>Ceinturon en tissu d&rsquo;officier  &#8211; Luftwaffe<br \/>\nPour tenue de sortie ou de d\u00e9fil\u00e9.<br \/>\nTissu en fil d&rsquo;aluminium, int\u00e9rieur doubl\u00e9 en toile bleu (trous, usures)<br \/>\nBoucle avec logo fabricant \u00ab\u00a0Assmann\u00a0\u00bb<br \/>\nTaille 110 sur cuir int\u00e9rieur.<br \/>\n&#8211;<br \/>\nOfficer&rsquo;s fabric belt &#8211; Luftwaffe<br \/>\nFor going out or parade outfit.<br \/>\nAluminum wire fabric, interior lined with blue canvas (holes, wear)<br \/>\nBuckle with manufacturer logo \u00ab\u00a0Assmann\u00a0\u00bb<br \/>\nSize 110 on interior leather.<\/p>","protected":false},"excerpt":{"rendered":"<p>Ceinturon en tissu d&rsquo;officier &#8211; Luftwaffe Pour tenue de sortie ou de d\u00e9fil\u00e9. Tissu en fil d&rsquo;aluminium, int\u00e9rieur doubl\u00e9 en toile bleu (trous, usures) Boucle avec logo fabricant \u00ab\u00a0Assmann\u00a0\u00bb Taille 110 sur cuir int\u00e9rieur. &#8211; Officer&rsquo;s fabric belt &#8211; Luftwaffe For going out or parade outfit. Aluminum wire fabric, interior lined with blue canvas (holes,<a class=\"more-link\" href=\"https:\/\/military-classic-auction.com\/en\/product\/ceinturon-en-tissu-dofficier-luftwaffe\/\">Read more  &#10230;<\/a><\/p>","protected":false},"featured_media":4713,"template":"","meta":[],"product_brand":[],"product_cat":[15],"product_tag":[],"class_list":{"0":"post-6814","1":"product","2":"type-product","3":"status-publish","4":"has-post-thumbnail","6":"product_cat-dagues-3e-202402","8":"first","9":"instock","10":"sold-individually","11":"purchasable","12":"product-type-auction"},"aioseo_notices":[],"_links":{"self":[{"href":"https:\/\/military-classic-auction.com\/en\/wp-json\/wp\/v2\/product\/6814","targetHints":{"allow":["GET"]}}],"collection":[{"href":"https:\/\/military-classic-auction.com\/en\/wp-json\/wp\/v2\/product"}],"about":[{"href":"https:\/\/military-classic-auction.com\/en\/wp-json\/wp\/v2\/types\/product"}],"wp:featuredmedia":[{"embeddable":true,"href":"https:\/\/military-classic-auction.com\/en\/wp-json\/wp\/v2\/media\/4713"}],"wp:attachment":[{"href":"https:\/\/military-classic-auction.com\/en\/wp-json\/wp\/v2\/media?parent=6814"}],"wp:term":[{"taxonomy":"product_brand","embeddable":true,"href":"https:\/\/military-classic-auction.com\/en\/wp-json\/wp\/v2\/product_brand?post=6814"},{"taxonomy":"product_cat","embeddable":true,"href":"https:\/\/military-classic-auction.com\/en\/wp-json\/wp\/v2\/product_cat?post=6814"},{"taxonomy":"product_tag","embeddable":true,"href":"https:\/\/military-classic-auction.com\/en\/wp-json\/wp\/v2\/product_tag?post=6814"}],"curies":[{"name":"wp","href":"https:\/\/api.w.org\/{rel}","templated":true}]}}