{"id":6812,"date":"2024-03-30T14:55:40","date_gmt":"2024-03-30T13:55:40","guid":{"rendered":"https:\/\/military-classic-auction.com\/?post_type=product&#038;p=6812"},"modified":"2024-03-30T14:55:41","modified_gmt":"2024-03-30T13:55:41","slug":"ceinture-dofficier-marine-imperiale","status":"publish","type":"product","link":"https:\/\/military-classic-auction.com\/en\/product\/ceinture-dofficier-marine-imperiale\/","title":{"rendered":"Ceinture d&rsquo;officier &#8211; Marine Imp\u00e9riale"},"content":{"rendered":"<p>Ceinture d&rsquo;officier &#8211; Marine Imp\u00e9riale<br \/>\nMod\u00e8le 1902 &#8211; \u00ab\u00a0W\u00a0\u00bb: Wilhelm II<br \/>\nEn tissu noir, int\u00e9rieur doubl\u00e9 de velours bleu fonc\u00e9.<br \/>\n&#8211;<br \/>\nOfficer&rsquo;s Belt &#8211; Imperial Navy<br \/>\nModel 1902 &#8211; \u00ab\u00a0W\u00a0\u00bb: Wilhelm II<br \/>\nIn black fabric, interior lined with dark blue velvet.<\/p>","protected":false},"excerpt":{"rendered":"<p>Ceinture d&rsquo;officier &#8211; Marine Imp\u00e9riale Mod\u00e8le 1902 &#8211; \u00ab\u00a0W\u00a0\u00bb: Wilhelm II En tissu noir, int\u00e9rieur doubl\u00e9 de velours bleu fonc\u00e9. &#8211; Officer&rsquo;s Belt &#8211; Imperial Navy Model 1902 &#8211; \u00ab\u00a0W\u00a0\u00bb: Wilhelm II In black fabric, interior lined with dark blue velvet.<\/p>","protected":false},"featured_media":4759,"template":"","meta":[],"product_brand":[],"product_cat":[15],"product_tag":[],"class_list":{"0":"post-6812","1":"product","2":"type-product","3":"status-publish","4":"has-post-thumbnail","6":"product_cat-dagues-3e-202402","8":"first","9":"instock","10":"sold-individually","11":"purchasable","12":"product-type-auction"},"aioseo_notices":[],"_links":{"self":[{"href":"https:\/\/military-classic-auction.com\/en\/wp-json\/wp\/v2\/product\/6812","targetHints":{"allow":["GET"]}}],"collection":[{"href":"https:\/\/military-classic-auction.com\/en\/wp-json\/wp\/v2\/product"}],"about":[{"href":"https:\/\/military-classic-auction.com\/en\/wp-json\/wp\/v2\/types\/product"}],"wp:featuredmedia":[{"embeddable":true,"href":"https:\/\/military-classic-auction.com\/en\/wp-json\/wp\/v2\/media\/4759"}],"wp:attachment":[{"href":"https:\/\/military-classic-auction.com\/en\/wp-json\/wp\/v2\/media?parent=6812"}],"wp:term":[{"taxonomy":"product_brand","embeddable":true,"href":"https:\/\/military-classic-auction.com\/en\/wp-json\/wp\/v2\/product_brand?post=6812"},{"taxonomy":"product_cat","embeddable":true,"href":"https:\/\/military-classic-auction.com\/en\/wp-json\/wp\/v2\/product_cat?post=6812"},{"taxonomy":"product_tag","embeddable":true,"href":"https:\/\/military-classic-auction.com\/en\/wp-json\/wp\/v2\/product_tag?post=6812"}],"curies":[{"name":"wp","href":"https:\/\/api.w.org\/{rel}","templated":true}]}}