{"id":6811,"date":"2024-03-30T14:55:40","date_gmt":"2024-03-30T13:55:40","guid":{"rendered":"https:\/\/military-classic-auction.com\/?post_type=product&#038;p=6811"},"modified":"2024-04-14T14:18:39","modified_gmt":"2024-04-14T14:18:39","slug":"ceinture-kriegsmarine","status":"publish","type":"product","link":"https:\/\/military-classic-auction.com\/en\/product\/ceinture-kriegsmarine\/","title":{"rendered":"Ceinture Kriegsmarine"},"content":{"rendered":"<p>Ceinture Kriegsmarine<br \/>\nEn toile noir &amp; int\u00e9rieur doubl\u00e9 en velours noir.<br \/>\nCuir int\u00e9rieur marqu\u00e9 \u00ab\u00a0056\u00a0\u00bb &amp; aigle kriegsmarine.<br \/>\n&#8211;<br \/>\nKriegsmarine Belt<br \/>\nIn black canvas &amp; interior lined in black velvet.<br \/>\nInterior leather marked \u00ab\u00a0056\u00a0\u00bb &amp; Kriegsmarine eagle.<\/p>","protected":false},"excerpt":{"rendered":"<p>Ceinture Kriegsmarine En toile noir &amp; int\u00e9rieur doubl\u00e9 en velours noir. Cuir int\u00e9rieur marqu\u00e9 \u00ab\u00a0056\u00a0\u00bb &amp; aigle kriegsmarine. &#8211; Kriegsmarine Belt In black canvas &amp; interior lined in black velvet. Interior leather marked \u00ab\u00a0056\u00a0\u00bb &amp; Kriegsmarine eagle.<\/p>","protected":false},"featured_media":4751,"template":"","meta":[],"product_brand":[],"product_cat":[15],"product_tag":[],"class_list":{"0":"post-6811","1":"product","2":"type-product","3":"status-publish","4":"has-post-thumbnail","6":"product_cat-dagues-3e-202402","8":"first","9":"instock","10":"sold-individually","11":"purchasable","12":"product-type-auction"},"aioseo_notices":[],"_links":{"self":[{"href":"https:\/\/military-classic-auction.com\/en\/wp-json\/wp\/v2\/product\/6811","targetHints":{"allow":["GET"]}}],"collection":[{"href":"https:\/\/military-classic-auction.com\/en\/wp-json\/wp\/v2\/product"}],"about":[{"href":"https:\/\/military-classic-auction.com\/en\/wp-json\/wp\/v2\/types\/product"}],"wp:featuredmedia":[{"embeddable":true,"href":"https:\/\/military-classic-auction.com\/en\/wp-json\/wp\/v2\/media\/4751"}],"wp:attachment":[{"href":"https:\/\/military-classic-auction.com\/en\/wp-json\/wp\/v2\/media?parent=6811"}],"wp:term":[{"taxonomy":"product_brand","embeddable":true,"href":"https:\/\/military-classic-auction.com\/en\/wp-json\/wp\/v2\/product_brand?post=6811"},{"taxonomy":"product_cat","embeddable":true,"href":"https:\/\/military-classic-auction.com\/en\/wp-json\/wp\/v2\/product_cat?post=6811"},{"taxonomy":"product_tag","embeddable":true,"href":"https:\/\/military-classic-auction.com\/en\/wp-json\/wp\/v2\/product_tag?post=6811"}],"curies":[{"name":"wp","href":"https:\/\/api.w.org\/{rel}","templated":true}]}}