{"id":6810,"date":"2024-03-30T14:55:40","date_gmt":"2024-03-30T13:55:40","guid":{"rendered":"https:\/\/military-classic-auction.com\/?post_type=product&#038;p=6810"},"modified":"2024-03-30T14:55:40","modified_gmt":"2024-03-30T13:55:40","slug":"ceinture-porte-belieres-kriegsmarine-5","status":"publish","type":"product","link":"https:\/\/military-classic-auction.com\/en\/product\/ceinture-porte-belieres-kriegsmarine-5\/","title":{"rendered":"Ceinture porte b\u00e9li\u00e8res &#8211; Kriegsmarine"},"content":{"rendered":"<p>Ceinture porte b\u00e9li\u00e8res &#8211; Kriegsmarine<br \/>\nEn tissu bleu et cuir brun<br \/>\nTaille : 100<br \/>\n&#8211;<br \/>\nBail belt &#8211; Kriegsmarine<br \/>\nIn blue fabric and brown leather<br \/>\nSize: 100<\/p>","protected":false},"excerpt":{"rendered":"<p>Ceinture porte b\u00e9li\u00e8res &#8211; Kriegsmarine En tissu bleu et cuir brun Taille : 100 &#8211; Bail belt &#8211; Kriegsmarine In blue fabric and brown leather Size: 100<\/p>","protected":false},"featured_media":4714,"template":"","meta":[],"product_brand":[],"product_cat":[15],"product_tag":[],"class_list":{"0":"post-6810","1":"product","2":"type-product","3":"status-publish","4":"has-post-thumbnail","6":"product_cat-dagues-3e-202402","8":"first","9":"instock","10":"sold-individually","11":"purchasable","12":"product-type-auction"},"aioseo_notices":[],"_links":{"self":[{"href":"https:\/\/military-classic-auction.com\/en\/wp-json\/wp\/v2\/product\/6810","targetHints":{"allow":["GET"]}}],"collection":[{"href":"https:\/\/military-classic-auction.com\/en\/wp-json\/wp\/v2\/product"}],"about":[{"href":"https:\/\/military-classic-auction.com\/en\/wp-json\/wp\/v2\/types\/product"}],"wp:featuredmedia":[{"embeddable":true,"href":"https:\/\/military-classic-auction.com\/en\/wp-json\/wp\/v2\/media\/4714"}],"wp:attachment":[{"href":"https:\/\/military-classic-auction.com\/en\/wp-json\/wp\/v2\/media?parent=6810"}],"wp:term":[{"taxonomy":"product_brand","embeddable":true,"href":"https:\/\/military-classic-auction.com\/en\/wp-json\/wp\/v2\/product_brand?post=6810"},{"taxonomy":"product_cat","embeddable":true,"href":"https:\/\/military-classic-auction.com\/en\/wp-json\/wp\/v2\/product_cat?post=6810"},{"taxonomy":"product_tag","embeddable":true,"href":"https:\/\/military-classic-auction.com\/en\/wp-json\/wp\/v2\/product_tag?post=6810"}],"curies":[{"name":"wp","href":"https:\/\/api.w.org\/{rel}","templated":true}]}}