{"id":6805,"date":"2024-03-30T14:55:36","date_gmt":"2024-03-30T13:55:36","guid":{"rendered":"https:\/\/military-classic-auction.com\/?post_type=product&#038;p=6805"},"modified":"2024-03-30T14:55:37","modified_gmt":"2024-03-30T13:55:37","slug":"ceinture-beliere-kriegsmarine","status":"publish","type":"product","link":"https:\/\/military-classic-auction.com\/en\/product\/ceinture-beliere-kriegsmarine\/","title":{"rendered":"Ceinture\/B\u00e9li\u00e8re &#8211; Kriegsmarine"},"content":{"rendered":"<p>Ceinture\/B\u00e9li\u00e8re &#8211; Kriegsmarine<br \/>\nCannetille dor\u00e9e et cuir noir.<br \/>\nPas de marquages visibles.<br \/>\nCrochet fonctionnel.<br \/>\n&#8211;<br \/>\nBelt\/Bail &#8211; Kriegsmarine<br \/>\nGolden cannetille and black leather.<br \/>\nNo visible markings.<br \/>\nFunctional hook.<\/p>","protected":false},"excerpt":{"rendered":"<p>Ceinture\/B\u00e9li\u00e8re &#8211; Kriegsmarine Cannetille dor\u00e9e et cuir noir. Pas de marquages visibles. Crochet fonctionnel. &#8211; Belt\/Bail &#8211; Kriegsmarine Golden cannetille and black leather. No visible markings. Functional hook.<\/p>","protected":false},"featured_media":4678,"template":"","meta":[],"product_brand":[],"product_cat":[15],"product_tag":[],"class_list":{"0":"post-6805","1":"product","2":"type-product","3":"status-publish","4":"has-post-thumbnail","6":"product_cat-dagues-3e-202402","8":"first","9":"instock","10":"sold-individually","11":"purchasable","12":"product-type-auction"},"aioseo_notices":[],"_links":{"self":[{"href":"https:\/\/military-classic-auction.com\/en\/wp-json\/wp\/v2\/product\/6805","targetHints":{"allow":["GET"]}}],"collection":[{"href":"https:\/\/military-classic-auction.com\/en\/wp-json\/wp\/v2\/product"}],"about":[{"href":"https:\/\/military-classic-auction.com\/en\/wp-json\/wp\/v2\/types\/product"}],"wp:featuredmedia":[{"embeddable":true,"href":"https:\/\/military-classic-auction.com\/en\/wp-json\/wp\/v2\/media\/4678"}],"wp:attachment":[{"href":"https:\/\/military-classic-auction.com\/en\/wp-json\/wp\/v2\/media?parent=6805"}],"wp:term":[{"taxonomy":"product_brand","embeddable":true,"href":"https:\/\/military-classic-auction.com\/en\/wp-json\/wp\/v2\/product_brand?post=6805"},{"taxonomy":"product_cat","embeddable":true,"href":"https:\/\/military-classic-auction.com\/en\/wp-json\/wp\/v2\/product_cat?post=6805"},{"taxonomy":"product_tag","embeddable":true,"href":"https:\/\/military-classic-auction.com\/en\/wp-json\/wp\/v2\/product_tag?post=6805"}],"curies":[{"name":"wp","href":"https:\/\/api.w.org\/{rel}","templated":true}]}}