{"id":6798,"date":"2024-03-30T14:55:32","date_gmt":"2024-03-30T13:55:32","guid":{"rendered":"https:\/\/military-classic-auction.com\/?post_type=product&#038;p=6798"},"modified":"2024-04-14T09:35:17","modified_gmt":"2024-04-14T09:35:17","slug":"beliere-de-dague-douane-forestiere","status":"publish","type":"product","link":"https:\/\/military-classic-auction.com\/en\/product\/beliere-de-dague-douane-forestiere\/","title":{"rendered":"B\u00e9li\u00e8re de dague &#8211; Douane Foresti\u00e8re"},"content":{"rendered":"<p>B\u00e9li\u00e8re de dague &#8211; Douane Foresti\u00e8re<br \/>\nCrochets fonctionnels.<br \/>\n&#8211;<br \/>\nDagger bail &#8211; Customs Forestry<br \/>\nFunctional hooks.<\/p>","protected":false},"excerpt":{"rendered":"<p>B\u00e9li\u00e8re de dague &#8211; Douane Foresti\u00e8re Crochets fonctionnels. &#8211; Dagger bail &#8211; Customs Forestry Functional hooks.<\/p>","protected":false},"featured_media":4599,"template":"","meta":[],"product_brand":[],"product_cat":[15],"product_tag":[],"class_list":{"0":"post-6798","1":"product","2":"type-product","3":"status-publish","4":"has-post-thumbnail","6":"product_cat-dagues-3e-202402","8":"first","9":"instock","10":"sold-individually","11":"purchasable","12":"product-type-auction"},"aioseo_notices":[],"_links":{"self":[{"href":"https:\/\/military-classic-auction.com\/en\/wp-json\/wp\/v2\/product\/6798","targetHints":{"allow":["GET"]}}],"collection":[{"href":"https:\/\/military-classic-auction.com\/en\/wp-json\/wp\/v2\/product"}],"about":[{"href":"https:\/\/military-classic-auction.com\/en\/wp-json\/wp\/v2\/types\/product"}],"wp:featuredmedia":[{"embeddable":true,"href":"https:\/\/military-classic-auction.com\/en\/wp-json\/wp\/v2\/media\/4599"}],"wp:attachment":[{"href":"https:\/\/military-classic-auction.com\/en\/wp-json\/wp\/v2\/media?parent=6798"}],"wp:term":[{"taxonomy":"product_brand","embeddable":true,"href":"https:\/\/military-classic-auction.com\/en\/wp-json\/wp\/v2\/product_brand?post=6798"},{"taxonomy":"product_cat","embeddable":true,"href":"https:\/\/military-classic-auction.com\/en\/wp-json\/wp\/v2\/product_cat?post=6798"},{"taxonomy":"product_tag","embeddable":true,"href":"https:\/\/military-classic-auction.com\/en\/wp-json\/wp\/v2\/product_tag?post=6798"}],"curies":[{"name":"wp","href":"https:\/\/api.w.org\/{rel}","templated":true}]}}