{"id":6797,"date":"2024-03-30T14:55:32","date_gmt":"2024-03-30T13:55:32","guid":{"rendered":"https:\/\/military-classic-auction.com\/?post_type=product&#038;p=6797"},"modified":"2024-04-14T10:31:38","modified_gmt":"2024-04-14T10:31:38","slug":"beliere-de-dague-rlb-reichs-luftschutz-bund-2","status":"publish","type":"product","link":"https:\/\/military-classic-auction.com\/en\/product\/beliere-de-dague-rlb-reichs-luftschutz-bund-2\/","title":{"rendered":"B\u00e9li\u00e8re de dague &#8211; RLB (Reichs Luftschutz Bund)"},"content":{"rendered":"<p>B\u00e9li\u00e8re de dague &#8211; RLB (Reichs Luftschutz Bund)<br \/>\n\u00ab\u00a0Ligue de protection a\u00e9rienne du Reich\u00a0\u00bb<br \/>\nEn cuir noir.<br \/>\nCrochets fonctionnels et marqu\u00e9s D.R.G.M.<br \/>\n(Usures)<br \/>\n&#8211;<br \/>\nDagger bail &#8211; RLB (Reichs Luftschutz Bund)<br \/>\n\u00ab\u00a0Reich Air Protection League\u00a0\u00bb<br \/>\nIn black leather.<br \/>\nFunctional hooks marked D.R.G.M.<br \/>\n(Wear)<\/p>","protected":false},"excerpt":{"rendered":"<p>B\u00e9li\u00e8re de dague &#8211; RLB (Reichs Luftschutz Bund) \u00ab\u00a0Ligue de protection a\u00e9rienne du Reich\u00a0\u00bb En cuir noir. Crochets fonctionnels et marqu\u00e9s D.R.G.M. (Usures) &#8211; Dagger bail &#8211; RLB (Reichs Luftschutz Bund) \u00ab\u00a0Reich Air Protection League\u00a0\u00bb In black leather. Functional hooks marked D.R.G.M. (Wear)<\/p>","protected":false},"featured_media":4625,"template":"","meta":[],"product_brand":[],"product_cat":[15],"product_tag":[],"class_list":{"0":"post-6797","1":"product","2":"type-product","3":"status-publish","4":"has-post-thumbnail","6":"product_cat-dagues-3e-202402","8":"first","9":"instock","10":"sold-individually","11":"purchasable","12":"product-type-auction"},"aioseo_notices":[],"_links":{"self":[{"href":"https:\/\/military-classic-auction.com\/en\/wp-json\/wp\/v2\/product\/6797","targetHints":{"allow":["GET"]}}],"collection":[{"href":"https:\/\/military-classic-auction.com\/en\/wp-json\/wp\/v2\/product"}],"about":[{"href":"https:\/\/military-classic-auction.com\/en\/wp-json\/wp\/v2\/types\/product"}],"wp:featuredmedia":[{"embeddable":true,"href":"https:\/\/military-classic-auction.com\/en\/wp-json\/wp\/v2\/media\/4625"}],"wp:attachment":[{"href":"https:\/\/military-classic-auction.com\/en\/wp-json\/wp\/v2\/media?parent=6797"}],"wp:term":[{"taxonomy":"product_brand","embeddable":true,"href":"https:\/\/military-classic-auction.com\/en\/wp-json\/wp\/v2\/product_brand?post=6797"},{"taxonomy":"product_cat","embeddable":true,"href":"https:\/\/military-classic-auction.com\/en\/wp-json\/wp\/v2\/product_cat?post=6797"},{"taxonomy":"product_tag","embeddable":true,"href":"https:\/\/military-classic-auction.com\/en\/wp-json\/wp\/v2\/product_tag?post=6797"}],"curies":[{"name":"wp","href":"https:\/\/api.w.org\/{rel}","templated":true}]}}