{"id":6791,"date":"2024-03-30T14:55:30","date_gmt":"2024-03-30T13:55:30","guid":{"rendered":"https:\/\/military-classic-auction.com\/?post_type=product&#038;p=6791"},"modified":"2024-04-13T18:37:20","modified_gmt":"2024-04-13T18:37:20","slug":"beliere-de-fendoir-rad","status":"publish","type":"product","link":"https:\/\/military-classic-auction.com\/en\/product\/beliere-de-fendoir-rad\/","title":{"rendered":"B\u00e9li\u00e8re de fendoir RAD"},"content":{"rendered":"<p>B\u00e9li\u00e8re de fendoir RAD<br \/>\nCrochets \u00e0 ressort fonctionnels.<br \/>\nEn cuir noir.<br \/>\nLongueur totale : 26cm environ<br \/>\n&#8211;<br \/>\nRAD splitter bail<br \/>\nFunctional spring hooks.<br \/>\nIn black leather.<br \/>\nTotal lenght: 10,2&Prime; approximately<\/p>","protected":false},"excerpt":{"rendered":"<p>B\u00e9li\u00e8re de fendoir RAD Crochets \u00e0 ressort fonctionnels. En cuir noir. Longueur totale : 26cm environ &#8211; RAD splitter bail Functional spring hooks. In black leather. Total lenght: 10,2&Prime; approximately<\/p>","protected":false},"featured_media":4564,"template":"","meta":[],"product_brand":[],"product_cat":[15],"product_tag":[],"class_list":{"0":"post-6791","1":"product","2":"type-product","3":"status-publish","4":"has-post-thumbnail","6":"product_cat-dagues-3e-202402","8":"first","9":"instock","10":"sold-individually","11":"purchasable","12":"product-type-auction"},"aioseo_notices":[],"_links":{"self":[{"href":"https:\/\/military-classic-auction.com\/en\/wp-json\/wp\/v2\/product\/6791","targetHints":{"allow":["GET"]}}],"collection":[{"href":"https:\/\/military-classic-auction.com\/en\/wp-json\/wp\/v2\/product"}],"about":[{"href":"https:\/\/military-classic-auction.com\/en\/wp-json\/wp\/v2\/types\/product"}],"wp:featuredmedia":[{"embeddable":true,"href":"https:\/\/military-classic-auction.com\/en\/wp-json\/wp\/v2\/media\/4564"}],"wp:attachment":[{"href":"https:\/\/military-classic-auction.com\/en\/wp-json\/wp\/v2\/media?parent=6791"}],"wp:term":[{"taxonomy":"product_brand","embeddable":true,"href":"https:\/\/military-classic-auction.com\/en\/wp-json\/wp\/v2\/product_brand?post=6791"},{"taxonomy":"product_cat","embeddable":true,"href":"https:\/\/military-classic-auction.com\/en\/wp-json\/wp\/v2\/product_cat?post=6791"},{"taxonomy":"product_tag","embeddable":true,"href":"https:\/\/military-classic-auction.com\/en\/wp-json\/wp\/v2\/product_tag?post=6791"}],"curies":[{"name":"wp","href":"https:\/\/api.w.org\/{rel}","templated":true}]}}