{"id":6790,"date":"2024-03-30T14:55:29","date_gmt":"2024-03-30T13:55:29","guid":{"rendered":"https:\/\/military-classic-auction.com\/?post_type=product&#038;p=6790"},"modified":"2024-04-16T09:17:29","modified_gmt":"2024-04-16T09:17:29","slug":"beliere-de-dague-rad-2","status":"publish","type":"product","link":"https:\/\/military-classic-auction.com\/en\/product\/beliere-de-dague-rad-2\/","title":{"rendered":"B\u00e9li\u00e8re de dague &#8211; RAD"},"content":{"rendered":"<p>B\u00e9li\u00e8re de dague &#8211; RAD<br \/>\nLogo du fabricant \u00ab\u00a0Assmann\u00a0\u00bb sur boucle.<br \/>\nCrochets fonctionnels.<br \/>\n&#8211;<br \/>\nDagger bail &#8211; RAD<br \/>\nManufacturer&rsquo;s logo \u00ab\u00a0Assmann\u00a0\u00bb on buckle.<br \/>\nFunctional hooks.<\/p>","protected":false},"excerpt":{"rendered":"<p>B\u00e9li\u00e8re de dague &#8211; RAD Logo du fabricant \u00ab\u00a0Assmann\u00a0\u00bb sur boucle. Crochets fonctionnels. &#8211; Dagger bail &#8211; RAD Manufacturer&rsquo;s logo \u00ab\u00a0Assmann\u00a0\u00bb on buckle. Functional hooks.<\/p>","protected":false},"featured_media":4556,"template":"","meta":[],"product_brand":[],"product_cat":[15],"product_tag":[],"class_list":{"0":"post-6790","1":"product","2":"type-product","3":"status-publish","4":"has-post-thumbnail","6":"product_cat-dagues-3e-202402","8":"first","9":"instock","10":"sold-individually","11":"purchasable","12":"product-type-auction"},"aioseo_notices":[],"_links":{"self":[{"href":"https:\/\/military-classic-auction.com\/en\/wp-json\/wp\/v2\/product\/6790","targetHints":{"allow":["GET"]}}],"collection":[{"href":"https:\/\/military-classic-auction.com\/en\/wp-json\/wp\/v2\/product"}],"about":[{"href":"https:\/\/military-classic-auction.com\/en\/wp-json\/wp\/v2\/types\/product"}],"wp:featuredmedia":[{"embeddable":true,"href":"https:\/\/military-classic-auction.com\/en\/wp-json\/wp\/v2\/media\/4556"}],"wp:attachment":[{"href":"https:\/\/military-classic-auction.com\/en\/wp-json\/wp\/v2\/media?parent=6790"}],"wp:term":[{"taxonomy":"product_brand","embeddable":true,"href":"https:\/\/military-classic-auction.com\/en\/wp-json\/wp\/v2\/product_brand?post=6790"},{"taxonomy":"product_cat","embeddable":true,"href":"https:\/\/military-classic-auction.com\/en\/wp-json\/wp\/v2\/product_cat?post=6790"},{"taxonomy":"product_tag","embeddable":true,"href":"https:\/\/military-classic-auction.com\/en\/wp-json\/wp\/v2\/product_tag?post=6790"}],"curies":[{"name":"wp","href":"https:\/\/api.w.org\/{rel}","templated":true}]}}