{"id":6789,"date":"2024-03-30T14:55:28","date_gmt":"2024-03-30T13:55:28","guid":{"rendered":"https:\/\/military-classic-auction.com\/?post_type=product&#038;p=6789"},"modified":"2024-04-13T18:38:06","modified_gmt":"2024-04-13T18:38:06","slug":"beliere-de-dague-rad","status":"publish","type":"product","link":"https:\/\/military-classic-auction.com\/en\/product\/beliere-de-dague-rad\/","title":{"rendered":"B\u00e9li\u00e8re de dague &#8211; RAD"},"content":{"rendered":"<p>B\u00e9li\u00e8re de dague &#8211; RAD<br \/>\nFabrication : \u00ab\u00a0Carl Busse MAINZ\u00a0\u00bb<br \/>\nDat\u00e9 1938<br \/>\nLogo du fabricant \u00ab\u00a0Assmann\u00a0\u00bb sur crochet d&rsquo;attache.<br \/>\nCrochets fonctionnels.<br \/>\n&#8211;<br \/>\nDagger bail &#8211; RAD<br \/>\nManufactured: \u00ab\u00a0Carl Busse MAINZ\u00a0\u00bb<br \/>\nDated 1938<br \/>\nManufacturer&rsquo;s logo \u00ab\u00a0Assmann\u00a0\u00bb on attachment hook.<br \/>\nFunctional hooks.<\/p>","protected":false},"excerpt":{"rendered":"<p>B\u00e9li\u00e8re de dague &#8211; RAD Fabrication : \u00ab\u00a0Carl Busse MAINZ\u00a0\u00bb Dat\u00e9 1938 Logo du fabricant \u00ab\u00a0Assmann\u00a0\u00bb sur crochet d&rsquo;attache. Crochets fonctionnels. &#8211; Dagger bail &#8211; RAD Manufactured: \u00ab\u00a0Carl Busse MAINZ\u00a0\u00bb Dated 1938 Manufacturer&rsquo;s logo \u00ab\u00a0Assmann\u00a0\u00bb on attachment hook. Functional hooks.<\/p>","protected":false},"featured_media":4549,"template":"","meta":[],"product_brand":[],"product_cat":[15],"product_tag":[],"class_list":{"0":"post-6789","1":"product","2":"type-product","3":"status-publish","4":"has-post-thumbnail","6":"product_cat-dagues-3e-202402","8":"first","9":"instock","10":"sold-individually","11":"purchasable","12":"product-type-auction"},"aioseo_notices":[],"_links":{"self":[{"href":"https:\/\/military-classic-auction.com\/en\/wp-json\/wp\/v2\/product\/6789","targetHints":{"allow":["GET"]}}],"collection":[{"href":"https:\/\/military-classic-auction.com\/en\/wp-json\/wp\/v2\/product"}],"about":[{"href":"https:\/\/military-classic-auction.com\/en\/wp-json\/wp\/v2\/types\/product"}],"wp:featuredmedia":[{"embeddable":true,"href":"https:\/\/military-classic-auction.com\/en\/wp-json\/wp\/v2\/media\/4549"}],"wp:attachment":[{"href":"https:\/\/military-classic-auction.com\/en\/wp-json\/wp\/v2\/media?parent=6789"}],"wp:term":[{"taxonomy":"product_brand","embeddable":true,"href":"https:\/\/military-classic-auction.com\/en\/wp-json\/wp\/v2\/product_brand?post=6789"},{"taxonomy":"product_cat","embeddable":true,"href":"https:\/\/military-classic-auction.com\/en\/wp-json\/wp\/v2\/product_cat?post=6789"},{"taxonomy":"product_tag","embeddable":true,"href":"https:\/\/military-classic-auction.com\/en\/wp-json\/wp\/v2\/product_tag?post=6789"}],"curies":[{"name":"wp","href":"https:\/\/api.w.org\/{rel}","templated":true}]}}