{"id":6785,"date":"2024-03-30T14:55:26","date_gmt":"2024-03-30T13:55:26","guid":{"rendered":"https:\/\/military-classic-auction.com\/?post_type=product&#038;p=6785"},"modified":"2024-04-13T18:39:24","modified_gmt":"2024-04-13T18:39:24","slug":"beliere-de-dague-kriegsmarine-2","status":"publish","type":"product","link":"https:\/\/military-classic-auction.com\/en\/product\/beliere-de-dague-kriegsmarine-2\/","title":{"rendered":"B\u00e9li\u00e8re de dague &#8211; Kriegsmarine"},"content":{"rendered":"<p>B\u00e9li\u00e8re de dague &#8211; Kriegsmarine<br \/>\nRev\u00eatement de couleur dor\u00e9.<br \/>\nNum\u00e9ro : \u00ab\u00a0056\u00a0\u00bb et aigle kriegsmarine pr\u00e9sent.<br \/>\nCrochets fonctionnels.<br \/>\n(Usures)<br \/>\n&#8211;<br \/>\nDagger bail &#8211; Kriegsmarine<br \/>\nGold colored coating.<br \/>\nNumber: \u00ab\u00a0056\u00a0\u00bb and Kriegsmarine eagle present.<br \/>\nFunctional hooks.<br \/>\n(Wear)<\/p>","protected":false},"excerpt":{"rendered":"<p>B\u00e9li\u00e8re de dague &#8211; Kriegsmarine Rev\u00eatement de couleur dor\u00e9. Num\u00e9ro : \u00ab\u00a0056\u00a0\u00bb et aigle kriegsmarine pr\u00e9sent. Crochets fonctionnels. (Usures) &#8211; Dagger bail &#8211; Kriegsmarine Gold colored coating. Number: \u00ab\u00a0056\u00a0\u00bb and Kriegsmarine eagle present. Functional hooks. (Wear)<\/p>","protected":false},"featured_media":4524,"template":"","meta":[],"product_brand":[],"product_cat":[15],"product_tag":[],"class_list":{"0":"post-6785","1":"product","2":"type-product","3":"status-publish","4":"has-post-thumbnail","6":"product_cat-dagues-3e-202402","8":"first","9":"instock","10":"sold-individually","11":"purchasable","12":"product-type-auction"},"aioseo_notices":[],"_links":{"self":[{"href":"https:\/\/military-classic-auction.com\/en\/wp-json\/wp\/v2\/product\/6785","targetHints":{"allow":["GET"]}}],"collection":[{"href":"https:\/\/military-classic-auction.com\/en\/wp-json\/wp\/v2\/product"}],"about":[{"href":"https:\/\/military-classic-auction.com\/en\/wp-json\/wp\/v2\/types\/product"}],"wp:featuredmedia":[{"embeddable":true,"href":"https:\/\/military-classic-auction.com\/en\/wp-json\/wp\/v2\/media\/4524"}],"wp:attachment":[{"href":"https:\/\/military-classic-auction.com\/en\/wp-json\/wp\/v2\/media?parent=6785"}],"wp:term":[{"taxonomy":"product_brand","embeddable":true,"href":"https:\/\/military-classic-auction.com\/en\/wp-json\/wp\/v2\/product_brand?post=6785"},{"taxonomy":"product_cat","embeddable":true,"href":"https:\/\/military-classic-auction.com\/en\/wp-json\/wp\/v2\/product_cat?post=6785"},{"taxonomy":"product_tag","embeddable":true,"href":"https:\/\/military-classic-auction.com\/en\/wp-json\/wp\/v2\/product_tag?post=6785"}],"curies":[{"name":"wp","href":"https:\/\/api.w.org\/{rel}","templated":true}]}}