{"id":6784,"date":"2024-03-30T14:55:25","date_gmt":"2024-03-30T13:55:25","guid":{"rendered":"https:\/\/military-classic-auction.com\/?post_type=product&#038;p=6784"},"modified":"2024-03-30T14:55:26","modified_gmt":"2024-03-30T13:55:26","slug":"beliere-de-dague-kriegsmarine","status":"publish","type":"product","link":"https:\/\/military-classic-auction.com\/en\/product\/beliere-de-dague-kriegsmarine\/","title":{"rendered":"B\u00e9li\u00e8re de dague &#8211; Kriegsmarine"},"content":{"rendered":"<p>B\u00e9li\u00e8re de dague &#8211; Kriegsmarine<br \/>\nRev\u00eatement de couleur argent\u00e9 : Administration de la Kriegsmarine.<br \/>\nTrois crochets fonctionnels, un manquant.<br \/>\n&#8211;<br \/>\nDagger bail &#8211; Kriegsmarine<br \/>\nSilver-colored coating: Kriegsmarine Administration.<br \/>\nThree working hooks, one missing.<\/p>","protected":false},"excerpt":{"rendered":"<p>B\u00e9li\u00e8re de dague &#8211; Kriegsmarine Rev\u00eatement de couleur argent\u00e9 : Administration de la Kriegsmarine. Trois crochets fonctionnels, un manquant. &#8211; Dagger bail &#8211; Kriegsmarine Silver-colored coating: Kriegsmarine Administration. Three working hooks, one missing.<\/p>","protected":false},"featured_media":4601,"template":"","meta":[],"product_brand":[],"product_cat":[15],"product_tag":[],"class_list":{"0":"post-6784","1":"product","2":"type-product","3":"status-publish","4":"has-post-thumbnail","6":"product_cat-dagues-3e-202402","8":"first","9":"instock","10":"sold-individually","11":"purchasable","12":"product-type-auction"},"aioseo_notices":[],"_links":{"self":[{"href":"https:\/\/military-classic-auction.com\/en\/wp-json\/wp\/v2\/product\/6784","targetHints":{"allow":["GET"]}}],"collection":[{"href":"https:\/\/military-classic-auction.com\/en\/wp-json\/wp\/v2\/product"}],"about":[{"href":"https:\/\/military-classic-auction.com\/en\/wp-json\/wp\/v2\/types\/product"}],"wp:featuredmedia":[{"embeddable":true,"href":"https:\/\/military-classic-auction.com\/en\/wp-json\/wp\/v2\/media\/4601"}],"wp:attachment":[{"href":"https:\/\/military-classic-auction.com\/en\/wp-json\/wp\/v2\/media?parent=6784"}],"wp:term":[{"taxonomy":"product_brand","embeddable":true,"href":"https:\/\/military-classic-auction.com\/en\/wp-json\/wp\/v2\/product_brand?post=6784"},{"taxonomy":"product_cat","embeddable":true,"href":"https:\/\/military-classic-auction.com\/en\/wp-json\/wp\/v2\/product_cat?post=6784"},{"taxonomy":"product_tag","embeddable":true,"href":"https:\/\/military-classic-auction.com\/en\/wp-json\/wp\/v2\/product_tag?post=6784"}],"curies":[{"name":"wp","href":"https:\/\/api.w.org\/{rel}","templated":true}]}}