{"id":6783,"date":"2024-03-30T14:55:25","date_gmt":"2024-03-30T13:55:25","guid":{"rendered":"https:\/\/military-classic-auction.com\/?post_type=product&#038;p=6783"},"modified":"2024-04-14T11:20:59","modified_gmt":"2024-04-14T11:20:59","slug":"beliere-de-dague-heer-9","status":"publish","type":"product","link":"https:\/\/military-classic-auction.com\/en\/product\/beliere-de-dague-heer-9\/","title":{"rendered":"B\u00e9li\u00e8re de dague &#8211; Heer"},"content":{"rendered":"<p>B\u00e9li\u00e8re de dague &#8211; Heer<br \/>\nCannetille cousue sur fond beige.<br \/>\nCrochets fonctionnels et marqu\u00e9s D.R.G.M.<br \/>\n&#8211;<br \/>\nDagger Bail &#8211; Heer<br \/>\nCannetille sewn on beige background.<br \/>\nFunctional hooks marked D.R.G.M.<\/p>","protected":false},"excerpt":{"rendered":"<p>B\u00e9li\u00e8re de dague &#8211; Heer Cannetille cousue sur fond beige. Crochets fonctionnels et marqu\u00e9s D.R.G.M. &#8211; Dagger Bail &#8211; Heer Cannetille sewn on beige background. Functional hooks marked D.R.G.M.<\/p>","protected":false},"featured_media":4592,"template":"","meta":[],"product_brand":[],"product_cat":[15],"product_tag":[],"class_list":{"0":"post-6783","1":"product","2":"type-product","3":"status-publish","4":"has-post-thumbnail","6":"product_cat-dagues-3e-202402","8":"first","9":"instock","10":"sold-individually","11":"purchasable","12":"product-type-auction"},"aioseo_notices":[],"_links":{"self":[{"href":"https:\/\/military-classic-auction.com\/en\/wp-json\/wp\/v2\/product\/6783","targetHints":{"allow":["GET"]}}],"collection":[{"href":"https:\/\/military-classic-auction.com\/en\/wp-json\/wp\/v2\/product"}],"about":[{"href":"https:\/\/military-classic-auction.com\/en\/wp-json\/wp\/v2\/types\/product"}],"wp:featuredmedia":[{"embeddable":true,"href":"https:\/\/military-classic-auction.com\/en\/wp-json\/wp\/v2\/media\/4592"}],"wp:attachment":[{"href":"https:\/\/military-classic-auction.com\/en\/wp-json\/wp\/v2\/media?parent=6783"}],"wp:term":[{"taxonomy":"product_brand","embeddable":true,"href":"https:\/\/military-classic-auction.com\/en\/wp-json\/wp\/v2\/product_brand?post=6783"},{"taxonomy":"product_cat","embeddable":true,"href":"https:\/\/military-classic-auction.com\/en\/wp-json\/wp\/v2\/product_cat?post=6783"},{"taxonomy":"product_tag","embeddable":true,"href":"https:\/\/military-classic-auction.com\/en\/wp-json\/wp\/v2\/product_tag?post=6783"}],"curies":[{"name":"wp","href":"https:\/\/api.w.org\/{rel}","templated":true}]}}