{"id":6774,"date":"2024-03-30T14:55:20","date_gmt":"2024-03-30T13:55:20","guid":{"rendered":"https:\/\/military-classic-auction.com\/?post_type=product&#038;p=6774"},"modified":"2024-04-29T07:01:46","modified_gmt":"2024-04-29T07:01:46","slug":"beliere-de-dague-hauts-fonctionnaires-du-reich-3","status":"publish","type":"product","link":"https:\/\/military-classic-auction.com\/en\/product\/beliere-de-dague-hauts-fonctionnaires-du-reich-3\/","title":{"rendered":"B\u00e9li\u00e8re de dague &#8211; Hauts fonctionnaires du Reich"},"content":{"rendered":"<p>B\u00e9li\u00e8re de dague &#8211; Hauts fonctionnaires du Reich<br \/>\nCrochets fonctionnels et marqu\u00e9s D.R.G.M.<br \/>\n(Usures)<br \/>\n&#8211;<br \/>\nDagger bail &#8211; High officials of the Reich<br \/>\nFunctional hooks marked D.R.G.M.<br \/>\n(Wear)<\/p>","protected":false},"excerpt":{"rendered":"<p>B\u00e9li\u00e8re de dague &#8211; Hauts fonctionnaires du Reich Crochets fonctionnels et marqu\u00e9s D.R.G.M. (Usures) &#8211; Dagger bail &#8211; High officials of the Reich Functional hooks marked D.R.G.M. (Wear)<\/p>","protected":false},"featured_media":4473,"template":"","meta":[],"product_brand":[],"product_cat":[15],"product_tag":[],"class_list":{"0":"post-6774","1":"product","2":"type-product","3":"status-publish","4":"has-post-thumbnail","6":"product_cat-dagues-3e-202402","8":"first","9":"instock","10":"sold-individually","11":"purchasable","12":"product-type-auction"},"aioseo_notices":[],"_links":{"self":[{"href":"https:\/\/military-classic-auction.com\/en\/wp-json\/wp\/v2\/product\/6774","targetHints":{"allow":["GET"]}}],"collection":[{"href":"https:\/\/military-classic-auction.com\/en\/wp-json\/wp\/v2\/product"}],"about":[{"href":"https:\/\/military-classic-auction.com\/en\/wp-json\/wp\/v2\/types\/product"}],"wp:featuredmedia":[{"embeddable":true,"href":"https:\/\/military-classic-auction.com\/en\/wp-json\/wp\/v2\/media\/4473"}],"wp:attachment":[{"href":"https:\/\/military-classic-auction.com\/en\/wp-json\/wp\/v2\/media?parent=6774"}],"wp:term":[{"taxonomy":"product_brand","embeddable":true,"href":"https:\/\/military-classic-auction.com\/en\/wp-json\/wp\/v2\/product_brand?post=6774"},{"taxonomy":"product_cat","embeddable":true,"href":"https:\/\/military-classic-auction.com\/en\/wp-json\/wp\/v2\/product_cat?post=6774"},{"taxonomy":"product_tag","embeddable":true,"href":"https:\/\/military-classic-auction.com\/en\/wp-json\/wp\/v2\/product_tag?post=6774"}],"curies":[{"name":"wp","href":"https:\/\/api.w.org\/{rel}","templated":true}]}}