{"id":6772,"date":"2024-03-30T14:55:19","date_gmt":"2024-03-30T13:55:19","guid":{"rendered":"https:\/\/military-classic-auction.com\/?post_type=product&#038;p=6772"},"modified":"2024-04-13T12:47:38","modified_gmt":"2024-04-13T12:47:38","slug":"beliere-de-dague-hauts-fonctionnaires-du-reich","status":"publish","type":"product","link":"https:\/\/military-classic-auction.com\/en\/product\/beliere-de-dague-hauts-fonctionnaires-du-reich\/","title":{"rendered":"B\u00e9li\u00e8re de dague &#8211; Hauts fonctionnaires du Reich"},"content":{"rendered":"<p>B\u00e9li\u00e8re de dague &#8211; Hauts fonctionnaires du Reich<br \/>\nCrochets fonctionnels et marqu\u00e9s D.R.G.M.<br \/>\nAvec rallonge de b\u00e9li\u00e8re en cuir.<br \/>\n(Usures)<br \/>\n&#8211;<br \/>\nDagger bail &#8211; High officials of the Reich<br \/>\nFunctional hooks marked D.R.G.M.<br \/>\nWith leather bail extension.<br \/>\n(Wear)<\/p>","protected":false},"excerpt":{"rendered":"<p>B\u00e9li\u00e8re de dague &#8211; Hauts fonctionnaires du Reich Crochets fonctionnels et marqu\u00e9s D.R.G.M. Avec rallonge de b\u00e9li\u00e8re en cuir. (Usures) &#8211; Dagger bail &#8211; High officials of the Reich Functional hooks marked D.R.G.M. With leather bail extension. (Wear)<\/p>","protected":false},"featured_media":4460,"template":"","meta":[],"product_brand":[],"product_cat":[15],"product_tag":[],"class_list":{"0":"post-6772","1":"product","2":"type-product","3":"status-publish","4":"has-post-thumbnail","6":"product_cat-dagues-3e-202402","8":"first","9":"instock","10":"sold-individually","11":"purchasable","12":"product-type-auction"},"aioseo_notices":[],"_links":{"self":[{"href":"https:\/\/military-classic-auction.com\/en\/wp-json\/wp\/v2\/product\/6772","targetHints":{"allow":["GET"]}}],"collection":[{"href":"https:\/\/military-classic-auction.com\/en\/wp-json\/wp\/v2\/product"}],"about":[{"href":"https:\/\/military-classic-auction.com\/en\/wp-json\/wp\/v2\/types\/product"}],"wp:featuredmedia":[{"embeddable":true,"href":"https:\/\/military-classic-auction.com\/en\/wp-json\/wp\/v2\/media\/4460"}],"wp:attachment":[{"href":"https:\/\/military-classic-auction.com\/en\/wp-json\/wp\/v2\/media?parent=6772"}],"wp:term":[{"taxonomy":"product_brand","embeddable":true,"href":"https:\/\/military-classic-auction.com\/en\/wp-json\/wp\/v2\/product_brand?post=6772"},{"taxonomy":"product_cat","embeddable":true,"href":"https:\/\/military-classic-auction.com\/en\/wp-json\/wp\/v2\/product_cat?post=6772"},{"taxonomy":"product_tag","embeddable":true,"href":"https:\/\/military-classic-auction.com\/en\/wp-json\/wp\/v2\/product_tag?post=6772"}],"curies":[{"name":"wp","href":"https:\/\/api.w.org\/{rel}","templated":true}]}}