{"id":6770,"date":"2024-03-30T14:55:18","date_gmt":"2024-03-30T13:55:18","guid":{"rendered":"https:\/\/military-classic-auction.com\/?post_type=product&#038;p=6770"},"modified":"2024-03-30T14:55:19","modified_gmt":"2024-03-30T13:55:19","slug":"baionnette-personnalisee","status":"publish","type":"product","link":"https:\/\/military-classic-auction.com\/en\/product\/baionnette-personnalisee\/","title":{"rendered":"Ba\u00efonnette personnalis\u00e9e"},"content":{"rendered":"<p>Ba\u00efonnette personnalis\u00e9e<br \/>\nPersonnalisation \u00ab\u00a03 Panzer Regt-GroBdeutschand\u00a0\u00bb (gravure apr\u00e8s guerre)<br \/>\nGousset cuir abim\u00e9.<br \/>\nDragonne pr\u00e9sente.<br \/>\nBouton poussoir non fonctionnel.<br \/>\nTaille de la lame : 24,5cm.<br \/>\n&#8211;<br \/>\nPersonalized bayonet<br \/>\nPersonalized \u00ab\u00a03 Panzer Regt-GroBdeutschand\u00a0\u00bb (post-war engraving)<\/p>\n<p>Damaged leather gusset.<\/p>\n<p>Strap present.<br \/>\nNon-functional push button.<br \/>\nBlade size: 9,6&Prime;<\/p>","protected":false},"excerpt":{"rendered":"<p>Ba\u00efonnette personnalis\u00e9e Personnalisation \u00ab\u00a03 Panzer Regt-GroBdeutschand\u00a0\u00bb (gravure apr\u00e8s guerre) Gousset cuir abim\u00e9. Dragonne pr\u00e9sente. Bouton poussoir non fonctionnel. Taille de la lame : 24,5cm. &#8211; Personalized bayonet Personalized \u00ab\u00a03 Panzer Regt-GroBdeutschand\u00a0\u00bb (post-war engraving) Damaged leather gusset. Strap present. Non-functional push button. Blade size: 9,6&Prime;<\/p>","protected":false},"featured_media":4448,"template":"","meta":[],"product_brand":[],"product_cat":[15],"product_tag":[],"class_list":{"0":"post-6770","1":"product","2":"type-product","3":"status-publish","4":"has-post-thumbnail","6":"product_cat-dagues-3e-202402","8":"first","9":"instock","10":"sold-individually","11":"purchasable","12":"product-type-auction"},"aioseo_notices":[],"_links":{"self":[{"href":"https:\/\/military-classic-auction.com\/en\/wp-json\/wp\/v2\/product\/6770","targetHints":{"allow":["GET"]}}],"collection":[{"href":"https:\/\/military-classic-auction.com\/en\/wp-json\/wp\/v2\/product"}],"about":[{"href":"https:\/\/military-classic-auction.com\/en\/wp-json\/wp\/v2\/types\/product"}],"wp:featuredmedia":[{"embeddable":true,"href":"https:\/\/military-classic-auction.com\/en\/wp-json\/wp\/v2\/media\/4448"}],"wp:attachment":[{"href":"https:\/\/military-classic-auction.com\/en\/wp-json\/wp\/v2\/media?parent=6770"}],"wp:term":[{"taxonomy":"product_brand","embeddable":true,"href":"https:\/\/military-classic-auction.com\/en\/wp-json\/wp\/v2\/product_brand?post=6770"},{"taxonomy":"product_cat","embeddable":true,"href":"https:\/\/military-classic-auction.com\/en\/wp-json\/wp\/v2\/product_cat?post=6770"},{"taxonomy":"product_tag","embeddable":true,"href":"https:\/\/military-classic-auction.com\/en\/wp-json\/wp\/v2\/product_tag?post=6770"}],"curies":[{"name":"wp","href":"https:\/\/api.w.org\/{rel}","templated":true}]}}