{"id":6769,"date":"2024-03-30T14:55:17","date_gmt":"2024-03-30T13:55:17","guid":{"rendered":"https:\/\/military-classic-auction.com\/?post_type=product&#038;p=6769"},"modified":"2024-04-14T17:26:57","modified_gmt":"2024-04-14T17:26:57","slug":"baionnette-service-du-travail-hitlerjugend","status":"publish","type":"product","link":"https:\/\/military-classic-auction.com\/en\/product\/baionnette-service-du-travail-hitlerjugend\/","title":{"rendered":"Ba\u00efonnette service du travail &#8211; Hitlerjugend"},"content":{"rendered":"<p>Ba\u00efonnette service du travail &#8211; Hitlerjugend<br \/>\n\u00ab\u00a0Deutsche Arbeiter Jugend H.J.\u00a0\u00bb<br \/>\nGousset en cuir noir et dragonne pr\u00e9sente.<br \/>\nBouton poussoir fonctionnel.<br \/>\nNum\u00e9ro sur fourreau et gousset marqu\u00e9 (manque un rivet).<br \/>\nTaille de la lame : 24,5cm.<br \/>\n&#8211;<br \/>\nLabor service bayonet &#8211; Hitlerjugend<br \/>\n\u00ab\u00a0Deutsche Arbeiter Jugend H.J.\u00a0\u00bb<br \/>\nBlack leather gusset and wrist strap present.<br \/>\nFunctional push button.<br \/>\nNumber on marked leather scabbard and gusset (one rivet missing).<br \/>\nBlade size: 9,6&Prime;<\/p>","protected":false},"excerpt":{"rendered":"<p>Ba\u00efonnette service du travail &#8211; Hitlerjugend \u00ab\u00a0Deutsche Arbeiter Jugend H.J.\u00a0\u00bb Gousset en cuir noir et dragonne pr\u00e9sente. Bouton poussoir fonctionnel. Num\u00e9ro sur fourreau et gousset marqu\u00e9 (manque un rivet). Taille de la lame : 24,5cm. &#8211; Labor service bayonet &#8211; Hitlerjugend \u00ab\u00a0Deutsche Arbeiter Jugend H.J.\u00a0\u00bb Black leather gusset and wrist strap present. Functional push button.<a class=\"more-link\" href=\"https:\/\/military-classic-auction.com\/en\/product\/baionnette-service-du-travail-hitlerjugend\/\">Read more  &#10230;<\/a><\/p>","protected":false},"featured_media":4434,"template":"","meta":[],"product_brand":[],"product_cat":[15],"product_tag":[],"class_list":{"0":"post-6769","1":"product","2":"type-product","3":"status-publish","4":"has-post-thumbnail","6":"product_cat-dagues-3e-202402","8":"first","9":"instock","10":"sold-individually","11":"purchasable","12":"product-type-auction"},"aioseo_notices":[],"_links":{"self":[{"href":"https:\/\/military-classic-auction.com\/en\/wp-json\/wp\/v2\/product\/6769","targetHints":{"allow":["GET"]}}],"collection":[{"href":"https:\/\/military-classic-auction.com\/en\/wp-json\/wp\/v2\/product"}],"about":[{"href":"https:\/\/military-classic-auction.com\/en\/wp-json\/wp\/v2\/types\/product"}],"wp:featuredmedia":[{"embeddable":true,"href":"https:\/\/military-classic-auction.com\/en\/wp-json\/wp\/v2\/media\/4434"}],"wp:attachment":[{"href":"https:\/\/military-classic-auction.com\/en\/wp-json\/wp\/v2\/media?parent=6769"}],"wp:term":[{"taxonomy":"product_brand","embeddable":true,"href":"https:\/\/military-classic-auction.com\/en\/wp-json\/wp\/v2\/product_brand?post=6769"},{"taxonomy":"product_cat","embeddable":true,"href":"https:\/\/military-classic-auction.com\/en\/wp-json\/wp\/v2\/product_cat?post=6769"},{"taxonomy":"product_tag","embeddable":true,"href":"https:\/\/military-classic-auction.com\/en\/wp-json\/wp\/v2\/product_tag?post=6769"}],"curies":[{"name":"wp","href":"https:\/\/api.w.org\/{rel}","templated":true}]}}