{"id":6760,"date":"2024-03-30T14:55:12","date_gmt":"2024-03-30T13:55:12","guid":{"rendered":"https:\/\/military-classic-auction.com\/?post_type=product&#038;p=6760"},"modified":"2024-04-26T09:08:53","modified_gmt":"2024-04-26T09:08:53","slug":"baionnette-de-parade-police-4","status":"publish","type":"product","link":"https:\/\/military-classic-auction.com\/en\/product\/baionnette-de-parade-police-4\/","title":{"rendered":"Ba\u00efonnette de parade &#8211; Police"},"content":{"rendered":"<p>Ba\u00efonnette de parade &#8211; Police<br \/>\nPas de marquage fabricant.<br \/>\nEnsemble num\u00e9rot\u00e9\/r\u00e9giment\u00e9 : \u00ab\u00a0L.B.I.237\u00a0\u00bb<br \/>\nPorte fourreau en cuir marron, marquage RBNr pr\u00e9sent.<br \/>\nDragonne pr\u00e9sente (usures).<br \/>\nBouton poussoir fonctionnel.<br \/>\nTaille de la lame : 33cm<br \/>\n(Un rivet manquant sur porte fourreau, usures)<br \/>\n&#8211;<br \/>\nParade bayonet &#8211; Police<br \/>\nNo manufacturer marking.<br \/>\nNumbered\/regimented set: \u00ab\u00a0L.B.I.237&Prime;<br \/>\nBrown leather sheath holder, RBNr marking present.<br \/>\nStrap present (wear).<br \/>\nFunctional push button.<br \/>\nBlade size: 13\u00a0\u00bb<br \/>\n(One rivet missing on scabbard door, wear)<\/p>","protected":false},"excerpt":{"rendered":"<p>Ba\u00efonnette de parade &#8211; Police Pas de marquage fabricant. Ensemble num\u00e9rot\u00e9\/r\u00e9giment\u00e9 : \u00ab\u00a0L.B.I.237\u00a0\u00bb Porte fourreau en cuir marron, marquage RBNr pr\u00e9sent. Dragonne pr\u00e9sente (usures). Bouton poussoir fonctionnel. Taille de la lame : 33cm (Un rivet manquant sur porte fourreau, usures) &#8211; Parade bayonet &#8211; Police No manufacturer marking. Numbered\/regimented set: \u00ab\u00a0L.B.I.237&Prime; Brown leather sheath holder,<a class=\"more-link\" href=\"https:\/\/military-classic-auction.com\/en\/product\/baionnette-de-parade-police-4\/\">Read more  &#10230;<\/a><\/p>","protected":false},"featured_media":4307,"template":"","meta":[],"product_brand":[],"product_cat":[15],"product_tag":[],"class_list":{"0":"post-6760","1":"product","2":"type-product","3":"status-publish","4":"has-post-thumbnail","6":"product_cat-dagues-3e-202402","8":"first","9":"instock","10":"sold-individually","11":"purchasable","12":"product-type-auction"},"aioseo_notices":[],"_links":{"self":[{"href":"https:\/\/military-classic-auction.com\/en\/wp-json\/wp\/v2\/product\/6760","targetHints":{"allow":["GET"]}}],"collection":[{"href":"https:\/\/military-classic-auction.com\/en\/wp-json\/wp\/v2\/product"}],"about":[{"href":"https:\/\/military-classic-auction.com\/en\/wp-json\/wp\/v2\/types\/product"}],"wp:featuredmedia":[{"embeddable":true,"href":"https:\/\/military-classic-auction.com\/en\/wp-json\/wp\/v2\/media\/4307"}],"wp:attachment":[{"href":"https:\/\/military-classic-auction.com\/en\/wp-json\/wp\/v2\/media?parent=6760"}],"wp:term":[{"taxonomy":"product_brand","embeddable":true,"href":"https:\/\/military-classic-auction.com\/en\/wp-json\/wp\/v2\/product_brand?post=6760"},{"taxonomy":"product_cat","embeddable":true,"href":"https:\/\/military-classic-auction.com\/en\/wp-json\/wp\/v2\/product_cat?post=6760"},{"taxonomy":"product_tag","embeddable":true,"href":"https:\/\/military-classic-auction.com\/en\/wp-json\/wp\/v2\/product_tag?post=6760"}],"curies":[{"name":"wp","href":"https:\/\/api.w.org\/{rel}","templated":true}]}}