{"id":6757,"date":"2024-03-30T14:55:09","date_gmt":"2024-03-30T13:55:09","guid":{"rendered":"https:\/\/military-classic-auction.com\/?post_type=product&#038;p=6757"},"modified":"2024-03-30T14:55:10","modified_gmt":"2024-03-30T13:55:10","slug":"baionnette-de-parade-police","status":"publish","type":"product","link":"https:\/\/military-classic-auction.com\/en\/product\/baionnette-de-parade-police\/","title":{"rendered":"Ba\u00efonnette de parade &#8211; Police"},"content":{"rendered":"<p>Ba\u00efonnette de parade &#8211; Police<br \/>\nFabrication : \u00ab\u00a0Alexander Coppel &#8211; Alcoso &#8211; Solingen\u00a0\u00bb<br \/>\nEnsemble num\u00e9rot\u00e9 : \u00ab\u00a096\u00a0\u00bb<br \/>\nMarquages : \u00ab\u00a0W 16\u00a0\u00bb \u00ab\u00a0W 41\u00a0\u00bb &#038; num\u00e9ro r\u00e9giment barr\u00e9 sur fourreau.<br \/>\nPorte fourreau en cuir marron.<br \/>\nTaille de la lame : 32cm<br \/>\n&#8211;<br \/>\nParade bayonet &#8211; Police<br \/>\nManufactured: \u00ab\u00a0Alexander Coppel &#8211; Alcoso &#8211; Solingen\u00a0\u00bb<br \/>\nNumbered set: \u00ab\u00a096\u00a0\u00bb<br \/>\nMarkings: \u00ab\u00a0W 16\u00a0\u00bb \u00ab\u00a0W 41&Prime; &#038; regiment number crossed out on scabbard.<br \/>\nBrown leather sheath holder.<br \/>\nBlade size: 12,6\u00a0\u00bb<\/p>","protected":false},"excerpt":{"rendered":"<p>Ba\u00efonnette de parade &#8211; Police Fabrication : \u00ab\u00a0Alexander Coppel &#8211; Alcoso &#8211; Solingen\u00a0\u00bb Ensemble num\u00e9rot\u00e9 : \u00ab\u00a096\u00a0\u00bb Marquages : \u00ab\u00a0W 16\u00a0\u00bb \u00ab\u00a0W 41\u00a0\u00bb &#038; num\u00e9ro r\u00e9giment barr\u00e9 sur fourreau. Porte fourreau en cuir marron. Taille de la lame : 32cm &#8211; Parade bayonet &#8211; Police Manufactured: \u00ab\u00a0Alexander Coppel &#8211; Alcoso &#8211; Solingen\u00a0\u00bb Numbered set: \u00ab\u00a096\u00a0\u00bb<a class=\"more-link\" href=\"https:\/\/military-classic-auction.com\/en\/product\/baionnette-de-parade-police\/\">Read more  &#10230;<\/a><\/p>","protected":false},"featured_media":4267,"template":"","meta":[],"product_brand":[],"product_cat":[15],"product_tag":[],"class_list":{"0":"post-6757","1":"product","2":"type-product","3":"status-publish","4":"has-post-thumbnail","6":"product_cat-dagues-3e-202402","8":"first","9":"instock","10":"sold-individually","11":"purchasable","12":"product-type-auction"},"aioseo_notices":[],"_links":{"self":[{"href":"https:\/\/military-classic-auction.com\/en\/wp-json\/wp\/v2\/product\/6757","targetHints":{"allow":["GET"]}}],"collection":[{"href":"https:\/\/military-classic-auction.com\/en\/wp-json\/wp\/v2\/product"}],"about":[{"href":"https:\/\/military-classic-auction.com\/en\/wp-json\/wp\/v2\/types\/product"}],"wp:featuredmedia":[{"embeddable":true,"href":"https:\/\/military-classic-auction.com\/en\/wp-json\/wp\/v2\/media\/4267"}],"wp:attachment":[{"href":"https:\/\/military-classic-auction.com\/en\/wp-json\/wp\/v2\/media?parent=6757"}],"wp:term":[{"taxonomy":"product_brand","embeddable":true,"href":"https:\/\/military-classic-auction.com\/en\/wp-json\/wp\/v2\/product_brand?post=6757"},{"taxonomy":"product_cat","embeddable":true,"href":"https:\/\/military-classic-auction.com\/en\/wp-json\/wp\/v2\/product_cat?post=6757"},{"taxonomy":"product_tag","embeddable":true,"href":"https:\/\/military-classic-auction.com\/en\/wp-json\/wp\/v2\/product_tag?post=6757"}],"curies":[{"name":"wp","href":"https:\/\/api.w.org\/{rel}","templated":true}]}}