{"id":6756,"date":"2024-03-30T14:55:09","date_gmt":"2024-03-30T13:55:09","guid":{"rendered":"https:\/\/military-classic-auction.com\/?post_type=product&#038;p=6756"},"modified":"2024-04-13T18:28:39","modified_gmt":"2024-04-13T18:28:39","slug":"baionnette-de-parade-defense-passive-2","status":"publish","type":"product","link":"https:\/\/military-classic-auction.com\/en\/product\/baionnette-de-parade-defense-passive-2\/","title":{"rendered":"Ba\u00efonnette de parade &#8211; D\u00e9fense Passive"},"content":{"rendered":"<p>Ba\u00efonnette de parade &#8211; D\u00e9fense Passive<br \/>\nFabrication : \u00ab\u00a0Eickhorn &#8211; Solingen\u00a0\u00bb<br \/>\nInsigne RLB \u00ab\u00a0Reich Luftschutz Bund\u00a0\u00bb<br \/>\nBouton poussoir manquant.<br \/>\nTaille de la lame : 20cm<br \/>\n&#8211;<br \/>\nParade bayonet &#8211; Passive Defense<br \/>\nManufactured: \u00ab\u00a0Eickhorn &#8211; Solingen\u00a0\u00bb<br \/>\nRLB badge \u00ab\u00a0Reich Luftschutz Bund\u00a0\u00bb<br \/>\nMissing push button.<br \/>\nBlade size: 7,8&Prime;<\/p>","protected":false},"excerpt":{"rendered":"<p>Ba\u00efonnette de parade &#8211; D\u00e9fense Passive Fabrication : \u00ab\u00a0Eickhorn &#8211; Solingen\u00a0\u00bb Insigne RLB \u00ab\u00a0Reich Luftschutz Bund\u00a0\u00bb Bouton poussoir manquant. Taille de la lame : 20cm &#8211; Parade bayonet &#8211; Passive Defense Manufactured: \u00ab\u00a0Eickhorn &#8211; Solingen\u00a0\u00bb RLB badge \u00ab\u00a0Reich Luftschutz Bund\u00a0\u00bb Missing push button. Blade size: 7,8&Prime;<\/p>","protected":false},"featured_media":4249,"template":"","meta":[],"product_brand":[],"product_cat":[15],"product_tag":[],"class_list":{"0":"post-6756","1":"product","2":"type-product","3":"status-publish","4":"has-post-thumbnail","6":"product_cat-dagues-3e-202402","8":"first","9":"instock","10":"sold-individually","11":"purchasable","12":"product-type-auction"},"aioseo_notices":[],"_links":{"self":[{"href":"https:\/\/military-classic-auction.com\/en\/wp-json\/wp\/v2\/product\/6756","targetHints":{"allow":["GET"]}}],"collection":[{"href":"https:\/\/military-classic-auction.com\/en\/wp-json\/wp\/v2\/product"}],"about":[{"href":"https:\/\/military-classic-auction.com\/en\/wp-json\/wp\/v2\/types\/product"}],"wp:featuredmedia":[{"embeddable":true,"href":"https:\/\/military-classic-auction.com\/en\/wp-json\/wp\/v2\/media\/4249"}],"wp:attachment":[{"href":"https:\/\/military-classic-auction.com\/en\/wp-json\/wp\/v2\/media?parent=6756"}],"wp:term":[{"taxonomy":"product_brand","embeddable":true,"href":"https:\/\/military-classic-auction.com\/en\/wp-json\/wp\/v2\/product_brand?post=6756"},{"taxonomy":"product_cat","embeddable":true,"href":"https:\/\/military-classic-auction.com\/en\/wp-json\/wp\/v2\/product_cat?post=6756"},{"taxonomy":"product_tag","embeddable":true,"href":"https:\/\/military-classic-auction.com\/en\/wp-json\/wp\/v2\/product_tag?post=6756"}],"curies":[{"name":"wp","href":"https:\/\/api.w.org\/{rel}","templated":true}]}}