{"id":6755,"date":"2024-03-30T14:55:08","date_gmt":"2024-03-30T13:55:08","guid":{"rendered":"https:\/\/military-classic-auction.com\/?post_type=product&#038;p=6755"},"modified":"2024-04-13T20:46:41","modified_gmt":"2024-04-13T20:46:41","slug":"baionnette-de-parade-defense-passive","status":"publish","type":"product","link":"https:\/\/military-classic-auction.com\/en\/product\/baionnette-de-parade-defense-passive\/","title":{"rendered":"Ba\u00efonnette de parade &#8211; D\u00e9fense Passive"},"content":{"rendered":"<p>Ba\u00efonnette de parade &#8211; D\u00e9fense Passive<br \/>\nFabrication : \u00ab\u00a0Alcoso &#8211; Solingen\u00a0\u00bb<br \/>\nInsigne RLB \u00ab\u00a0Reich Luftschutz Bund\u00a0\u00bb<br \/>\nPorte fourreau en cuir noir.<br \/>\nBouton poussoir fonctionnel.<br \/>\nTaille de la lame : 25cm<br \/>\n&#8211;<br \/>\nParade bayonet &#8211; Passive Defense<br \/>\nManufactured: \u00ab\u00a0Alcoso &#8211; Solingen\u00a0\u00bb<br \/>\nRLB badge \u00ab\u00a0Reich Luftschutz Bund\u00a0\u00bb<br \/>\nBlack leather sheath holder.<br \/>\nFunctional push button.<br \/>\nBlade size: 9,8&Prime;<\/p>","protected":false},"excerpt":{"rendered":"<p>Ba\u00efonnette de parade &#8211; D\u00e9fense Passive Fabrication : \u00ab\u00a0Alcoso &#8211; Solingen\u00a0\u00bb Insigne RLB \u00ab\u00a0Reich Luftschutz Bund\u00a0\u00bb Porte fourreau en cuir noir. Bouton poussoir fonctionnel. Taille de la lame : 25cm &#8211; Parade bayonet &#8211; Passive Defense Manufactured: \u00ab\u00a0Alcoso &#8211; Solingen\u00a0\u00bb RLB badge \u00ab\u00a0Reich Luftschutz Bund\u00a0\u00bb Black leather sheath holder. Functional push button. Blade size: 9,8&Prime;<\/p>","protected":false},"featured_media":4234,"template":"","meta":[],"product_brand":[],"product_cat":[15],"product_tag":[],"class_list":{"0":"post-6755","1":"product","2":"type-product","3":"status-publish","4":"has-post-thumbnail","6":"product_cat-dagues-3e-202402","8":"first","9":"instock","10":"sold-individually","11":"purchasable","12":"product-type-auction"},"aioseo_notices":[],"_links":{"self":[{"href":"https:\/\/military-classic-auction.com\/en\/wp-json\/wp\/v2\/product\/6755","targetHints":{"allow":["GET"]}}],"collection":[{"href":"https:\/\/military-classic-auction.com\/en\/wp-json\/wp\/v2\/product"}],"about":[{"href":"https:\/\/military-classic-auction.com\/en\/wp-json\/wp\/v2\/types\/product"}],"wp:featuredmedia":[{"embeddable":true,"href":"https:\/\/military-classic-auction.com\/en\/wp-json\/wp\/v2\/media\/4234"}],"wp:attachment":[{"href":"https:\/\/military-classic-auction.com\/en\/wp-json\/wp\/v2\/media?parent=6755"}],"wp:term":[{"taxonomy":"product_brand","embeddable":true,"href":"https:\/\/military-classic-auction.com\/en\/wp-json\/wp\/v2\/product_brand?post=6755"},{"taxonomy":"product_cat","embeddable":true,"href":"https:\/\/military-classic-auction.com\/en\/wp-json\/wp\/v2\/product_cat?post=6755"},{"taxonomy":"product_tag","embeddable":true,"href":"https:\/\/military-classic-auction.com\/en\/wp-json\/wp\/v2\/product_tag?post=6755"}],"curies":[{"name":"wp","href":"https:\/\/api.w.org\/{rel}","templated":true}]}}