{"id":6751,"date":"2024-03-30T14:55:06","date_gmt":"2024-03-30T13:55:06","guid":{"rendered":"https:\/\/military-classic-auction.com\/?post_type=product&#038;p=6751"},"modified":"2024-04-19T09:43:08","modified_gmt":"2024-04-19T09:43:08","slug":"baionnette-de-parade-13","status":"publish","type":"product","link":"https:\/\/military-classic-auction.com\/en\/product\/baionnette-de-parade-13\/","title":{"rendered":"Ba\u00efonnette de parade"},"content":{"rendered":"<p>Ba\u00efonnette de parade<br \/>\nFabrication : \u00ab\u00a0Eickhorn &#8211; Solingen\u00a0\u00bb<br \/>\nLame grav\u00e9e avec gousset en cuir de couleur noir (abim\u00e9)<br \/>\nDragonne pr\u00e9sente (abim\u00e9e).<br \/>\nTaille de la lame : 24,5cm.<br \/>\n&#8211;<br \/>\nParade bayonet<br \/>\nManufactured: \u00ab\u00a0Eickhorn &#8211; Solingen\u00a0\u00bb<br \/>\nEngraved blade with black leather gusset (damaged)<br \/>\nStrap present (damaged).<br \/>\nBlade size: 9,6&Prime;<\/p>","protected":false},"excerpt":{"rendered":"<p>Ba\u00efonnette de parade Fabrication : \u00ab\u00a0Eickhorn &#8211; Solingen\u00a0\u00bb Lame grav\u00e9e avec gousset en cuir de couleur noir (abim\u00e9) Dragonne pr\u00e9sente (abim\u00e9e). Taille de la lame : 24,5cm. &#8211; Parade bayonet Manufactured: \u00ab\u00a0Eickhorn &#8211; Solingen\u00a0\u00bb Engraved blade with black leather gusset (damaged) Strap present (damaged). Blade size: 9,6&Prime;<\/p>","protected":false},"featured_media":4216,"template":"","meta":[],"product_brand":[],"product_cat":[15],"product_tag":[],"class_list":{"0":"post-6751","1":"product","2":"type-product","3":"status-publish","4":"has-post-thumbnail","6":"product_cat-dagues-3e-202402","8":"first","9":"instock","10":"sold-individually","11":"purchasable","12":"product-type-auction"},"aioseo_notices":[],"_links":{"self":[{"href":"https:\/\/military-classic-auction.com\/en\/wp-json\/wp\/v2\/product\/6751","targetHints":{"allow":["GET"]}}],"collection":[{"href":"https:\/\/military-classic-auction.com\/en\/wp-json\/wp\/v2\/product"}],"about":[{"href":"https:\/\/military-classic-auction.com\/en\/wp-json\/wp\/v2\/types\/product"}],"wp:featuredmedia":[{"embeddable":true,"href":"https:\/\/military-classic-auction.com\/en\/wp-json\/wp\/v2\/media\/4216"}],"wp:attachment":[{"href":"https:\/\/military-classic-auction.com\/en\/wp-json\/wp\/v2\/media?parent=6751"}],"wp:term":[{"taxonomy":"product_brand","embeddable":true,"href":"https:\/\/military-classic-auction.com\/en\/wp-json\/wp\/v2\/product_brand?post=6751"},{"taxonomy":"product_cat","embeddable":true,"href":"https:\/\/military-classic-auction.com\/en\/wp-json\/wp\/v2\/product_cat?post=6751"},{"taxonomy":"product_tag","embeddable":true,"href":"https:\/\/military-classic-auction.com\/en\/wp-json\/wp\/v2\/product_tag?post=6751"}],"curies":[{"name":"wp","href":"https:\/\/api.w.org\/{rel}","templated":true}]}}