{"id":6749,"date":"2024-03-30T14:55:04","date_gmt":"2024-03-30T13:55:04","guid":{"rendered":"https:\/\/military-classic-auction.com\/?post_type=product&#038;p=6749"},"modified":"2024-04-13T11:57:03","modified_gmt":"2024-04-13T11:57:03","slug":"baionnette-de-parade-lame-damassee","status":"publish","type":"product","link":"https:\/\/military-classic-auction.com\/en\/product\/baionnette-de-parade-lame-damassee\/","title":{"rendered":"Ba\u00efonnette de parade &#8211; Lame damass\u00e9e"},"content":{"rendered":"<p>Ba\u00efonnette de parade &#8211; Lame damass\u00e9e<br \/>\nMarquage sur lame peu lisible.<br \/>\nLame dents de scie.<br \/>\nAvec son gousset cuir abim\u00e9.<br \/>\nBouton poussoir non fonctionnel.<br \/>\nTaille de la lame : 25cm.<br \/>\n&#8211;<br \/>\nParade bayonet &#8211; damascened blade<br \/>\nMarking on blade illegible.<br \/>\nSawtooth blade.<br \/>\nWith damaged leather gusset.<br \/>\nNon-functional push-button.<br \/>\nBlade size: 9.8&Prime;<\/p>","protected":false},"excerpt":{"rendered":"<p>Ba\u00efonnette de parade &#8211; Lame damass\u00e9e Marquage sur lame peu lisible. Lame dents de scie. Avec son gousset cuir abim\u00e9. Bouton poussoir non fonctionnel. Taille de la lame : 25cm. &#8211; Parade bayonet &#8211; damascened blade Marking on blade illegible. Sawtooth blade. With damaged leather gusset. Non-functional push-button. Blade size: 9.8&Prime;<\/p>","protected":false},"featured_media":4142,"template":"","meta":[],"product_brand":[],"product_cat":[15],"product_tag":[],"class_list":{"0":"post-6749","1":"product","2":"type-product","3":"status-publish","4":"has-post-thumbnail","6":"product_cat-dagues-3e-202402","8":"first","9":"instock","10":"sold-individually","11":"purchasable","12":"product-type-auction"},"aioseo_notices":[],"_links":{"self":[{"href":"https:\/\/military-classic-auction.com\/en\/wp-json\/wp\/v2\/product\/6749","targetHints":{"allow":["GET"]}}],"collection":[{"href":"https:\/\/military-classic-auction.com\/en\/wp-json\/wp\/v2\/product"}],"about":[{"href":"https:\/\/military-classic-auction.com\/en\/wp-json\/wp\/v2\/types\/product"}],"wp:featuredmedia":[{"embeddable":true,"href":"https:\/\/military-classic-auction.com\/en\/wp-json\/wp\/v2\/media\/4142"}],"wp:attachment":[{"href":"https:\/\/military-classic-auction.com\/en\/wp-json\/wp\/v2\/media?parent=6749"}],"wp:term":[{"taxonomy":"product_brand","embeddable":true,"href":"https:\/\/military-classic-auction.com\/en\/wp-json\/wp\/v2\/product_brand?post=6749"},{"taxonomy":"product_cat","embeddable":true,"href":"https:\/\/military-classic-auction.com\/en\/wp-json\/wp\/v2\/product_cat?post=6749"},{"taxonomy":"product_tag","embeddable":true,"href":"https:\/\/military-classic-auction.com\/en\/wp-json\/wp\/v2\/product_tag?post=6749"}],"curies":[{"name":"wp","href":"https:\/\/api.w.org\/{rel}","templated":true}]}}