{"id":6748,"date":"2024-03-30T14:55:03","date_gmt":"2024-03-30T13:55:03","guid":{"rendered":"https:\/\/military-classic-auction.com\/?post_type=product&#038;p=6748"},"modified":"2024-04-14T11:26:37","modified_gmt":"2024-04-14T11:26:37","slug":"baionnette-de-parade-11","status":"publish","type":"product","link":"https:\/\/military-classic-auction.com\/en\/product\/baionnette-de-parade-11\/","title":{"rendered":"Ba\u00efonnette de parade"},"content":{"rendered":"<p>Ba\u00efonnette de parade<br \/>\nFabrication : \u00ab\u00a0TIGER &#8211; Solingen\u00a0\u00bb<br \/>\nPorte fourreau en cuir noir avec renfort m\u00e9tallique \u00e0 l&rsquo;arri\u00e8re (marqu\u00e9 D.R.P.)<br \/>\nBouton poussoir fonctionnel.<br \/>\nTaille de la lame : 24,5cm<br \/>\n(usures sur porte fourreau et manche)<br \/>\n&#8211;<br \/>\nParade bayonet<br \/>\nManufactured: \u00ab\u00a0TIGER &#8211; Solingen\u00a0\u00bb<br \/>\nBlack leather sheath holder with metal reinforcement at the back (marked D.R.P.)<br \/>\nFunctional push button.<br \/>\nBlade size: 9,6&Prime;<br \/>\n(wear on scabbard holder and handle)<\/p>","protected":false},"excerpt":{"rendered":"<p>Ba\u00efonnette de parade Fabrication : \u00ab\u00a0TIGER &#8211; Solingen\u00a0\u00bb Porte fourreau en cuir noir avec renfort m\u00e9tallique \u00e0 l&rsquo;arri\u00e8re (marqu\u00e9 D.R.P.) Bouton poussoir fonctionnel. Taille de la lame : 24,5cm (usures sur porte fourreau et manche) &#8211; Parade bayonet Manufactured: \u00ab\u00a0TIGER &#8211; Solingen\u00a0\u00bb Black leather sheath holder with metal reinforcement at the back (marked D.R.P.) Functional<a class=\"more-link\" href=\"https:\/\/military-classic-auction.com\/en\/product\/baionnette-de-parade-11\/\">Read more  &#10230;<\/a><\/p>","protected":false},"featured_media":4132,"template":"","meta":[],"product_brand":[],"product_cat":[15],"product_tag":[],"class_list":{"0":"post-6748","1":"product","2":"type-product","3":"status-publish","4":"has-post-thumbnail","6":"product_cat-dagues-3e-202402","8":"first","9":"instock","10":"sold-individually","11":"purchasable","12":"product-type-auction"},"aioseo_notices":[],"_links":{"self":[{"href":"https:\/\/military-classic-auction.com\/en\/wp-json\/wp\/v2\/product\/6748","targetHints":{"allow":["GET"]}}],"collection":[{"href":"https:\/\/military-classic-auction.com\/en\/wp-json\/wp\/v2\/product"}],"about":[{"href":"https:\/\/military-classic-auction.com\/en\/wp-json\/wp\/v2\/types\/product"}],"wp:featuredmedia":[{"embeddable":true,"href":"https:\/\/military-classic-auction.com\/en\/wp-json\/wp\/v2\/media\/4132"}],"wp:attachment":[{"href":"https:\/\/military-classic-auction.com\/en\/wp-json\/wp\/v2\/media?parent=6748"}],"wp:term":[{"taxonomy":"product_brand","embeddable":true,"href":"https:\/\/military-classic-auction.com\/en\/wp-json\/wp\/v2\/product_brand?post=6748"},{"taxonomy":"product_cat","embeddable":true,"href":"https:\/\/military-classic-auction.com\/en\/wp-json\/wp\/v2\/product_cat?post=6748"},{"taxonomy":"product_tag","embeddable":true,"href":"https:\/\/military-classic-auction.com\/en\/wp-json\/wp\/v2\/product_tag?post=6748"}],"curies":[{"name":"wp","href":"https:\/\/api.w.org\/{rel}","templated":true}]}}