{"id":6744,"date":"2024-03-30T14:55:01","date_gmt":"2024-03-30T13:55:01","guid":{"rendered":"https:\/\/military-classic-auction.com\/?post_type=product&#038;p=6744"},"modified":"2024-04-14T11:26:59","modified_gmt":"2024-04-14T11:26:59","slug":"baionnette-de-parade-7","status":"publish","type":"product","link":"https:\/\/military-classic-auction.com\/en\/product\/baionnette-de-parade-7\/","title":{"rendered":"Ba\u00efonnette de parade"},"content":{"rendered":"<p>Ba\u00efonnette de parade<br \/>\nFabrication : \u00ab\u00a0E.U.F. Horster &#8211; Solingen\u00a0\u00bb<br \/>\nDragonne pr\u00e9sente.<br \/>\nPorte fourreau en cuir, fourreau num\u00e9rot\u00e9.<br \/>\nBouton poussoir fonctionnel.<br \/>\nTaille de la lame : 19,5cm<br \/>\n&#8211;<br \/>\nParade bayonet<br \/>\nManufactured: \u00ab\u00a0E.U.F. Horster &#8211; Solingen\u00a0\u00bb<br \/>\nStrap present.<br \/>\nLeather sheath holder, numbered sheath.<br \/>\nFunctional push button.<br \/>\nBlade size: 7,6&Prime;<\/p>","protected":false},"excerpt":{"rendered":"<p>Ba\u00efonnette de parade Fabrication : \u00ab\u00a0E.U.F. Horster &#8211; Solingen\u00a0\u00bb Dragonne pr\u00e9sente. Porte fourreau en cuir, fourreau num\u00e9rot\u00e9. Bouton poussoir fonctionnel. Taille de la lame : 19,5cm &#8211; Parade bayonet Manufactured: \u00ab\u00a0E.U.F. Horster &#8211; Solingen\u00a0\u00bb Strap present. Leather sheath holder, numbered sheath. Functional push button. Blade size: 7,6&Prime;<\/p>","protected":false},"featured_media":4083,"template":"","meta":[],"product_brand":[],"product_cat":[15],"product_tag":[],"class_list":{"0":"post-6744","1":"product","2":"type-product","3":"status-publish","4":"has-post-thumbnail","6":"product_cat-dagues-3e-202402","8":"first","9":"instock","10":"sold-individually","11":"purchasable","12":"product-type-auction"},"aioseo_notices":[],"_links":{"self":[{"href":"https:\/\/military-classic-auction.com\/en\/wp-json\/wp\/v2\/product\/6744","targetHints":{"allow":["GET"]}}],"collection":[{"href":"https:\/\/military-classic-auction.com\/en\/wp-json\/wp\/v2\/product"}],"about":[{"href":"https:\/\/military-classic-auction.com\/en\/wp-json\/wp\/v2\/types\/product"}],"wp:featuredmedia":[{"embeddable":true,"href":"https:\/\/military-classic-auction.com\/en\/wp-json\/wp\/v2\/media\/4083"}],"wp:attachment":[{"href":"https:\/\/military-classic-auction.com\/en\/wp-json\/wp\/v2\/media?parent=6744"}],"wp:term":[{"taxonomy":"product_brand","embeddable":true,"href":"https:\/\/military-classic-auction.com\/en\/wp-json\/wp\/v2\/product_brand?post=6744"},{"taxonomy":"product_cat","embeddable":true,"href":"https:\/\/military-classic-auction.com\/en\/wp-json\/wp\/v2\/product_cat?post=6744"},{"taxonomy":"product_tag","embeddable":true,"href":"https:\/\/military-classic-auction.com\/en\/wp-json\/wp\/v2\/product_tag?post=6744"}],"curies":[{"name":"wp","href":"https:\/\/api.w.org\/{rel}","templated":true}]}}