{"id":6738,"date":"2024-03-30T14:54:57","date_gmt":"2024-03-30T13:54:57","guid":{"rendered":"https:\/\/military-classic-auction.com\/?post_type=product&#038;p=6738"},"modified":"2024-04-16T09:34:39","modified_gmt":"2024-04-16T09:34:39","slug":"baionnette-de-parade","status":"publish","type":"product","link":"https:\/\/military-classic-auction.com\/en\/product\/baionnette-de-parade\/","title":{"rendered":"Ba\u00efonnette de parade"},"content":{"rendered":"<p>Ba\u00efonnette de parade<br \/>\nPas de marquage fabricant.<br \/>\nLame grav\u00e9e et personnalis\u00e9e.<br \/>\nDevise sur lame : \u00ab\u00a0zur erinnerung an meine dienstzeit\u00a0\u00bb<br \/>\nPorte fourreau en cuir noir.<br \/>\nBouton poussoir fonctionnel.<br \/>\nTaille de la lame : 24,5cm<br \/>\n&#8211;<br \/>\nParade bayonet<br \/>\nNo manufacturer marking.<br \/>\nEngraved and personalized blade.<br \/>\nMotto on blade: \u00ab\u00a0zur erinnerung an meine dienstzeit\u00a0\u00bb<br \/>\nBlack leather sheath holder.<br \/>\nFunctional push button.<br \/>\nBlade size: 9,6&Prime;<\/p>","protected":false},"excerpt":{"rendered":"<p>Ba\u00efonnette de parade Pas de marquage fabricant. Lame grav\u00e9e et personnalis\u00e9e. Devise sur lame : \u00ab\u00a0zur erinnerung an meine dienstzeit\u00a0\u00bb Porte fourreau en cuir noir. Bouton poussoir fonctionnel. Taille de la lame : 24,5cm &#8211; Parade bayonet No manufacturer marking. Engraved and personalized blade. Motto on blade: \u00ab\u00a0zur erinnerung an meine dienstzeit\u00a0\u00bb Black leather sheath<a class=\"more-link\" href=\"https:\/\/military-classic-auction.com\/en\/product\/baionnette-de-parade\/\">Read more  &#10230;<\/a><\/p>","protected":false},"featured_media":3987,"template":"","meta":[],"product_brand":[],"product_cat":[15],"product_tag":[],"class_list":{"0":"post-6738","1":"product","2":"type-product","3":"status-publish","4":"has-post-thumbnail","6":"product_cat-dagues-3e-202402","8":"first","9":"instock","10":"sold-individually","11":"purchasable","12":"product-type-auction"},"aioseo_notices":[],"_links":{"self":[{"href":"https:\/\/military-classic-auction.com\/en\/wp-json\/wp\/v2\/product\/6738","targetHints":{"allow":["GET"]}}],"collection":[{"href":"https:\/\/military-classic-auction.com\/en\/wp-json\/wp\/v2\/product"}],"about":[{"href":"https:\/\/military-classic-auction.com\/en\/wp-json\/wp\/v2\/types\/product"}],"wp:featuredmedia":[{"embeddable":true,"href":"https:\/\/military-classic-auction.com\/en\/wp-json\/wp\/v2\/media\/3987"}],"wp:attachment":[{"href":"https:\/\/military-classic-auction.com\/en\/wp-json\/wp\/v2\/media?parent=6738"}],"wp:term":[{"taxonomy":"product_brand","embeddable":true,"href":"https:\/\/military-classic-auction.com\/en\/wp-json\/wp\/v2\/product_brand?post=6738"},{"taxonomy":"product_cat","embeddable":true,"href":"https:\/\/military-classic-auction.com\/en\/wp-json\/wp\/v2\/product_cat?post=6738"},{"taxonomy":"product_tag","embeddable":true,"href":"https:\/\/military-classic-auction.com\/en\/wp-json\/wp\/v2\/product_tag?post=6738"}],"curies":[{"name":"wp","href":"https:\/\/api.w.org\/{rel}","templated":true}]}}