{"id":6732,"date":"2024-03-30T14:54:55","date_gmt":"2024-03-30T13:54:55","guid":{"rendered":"https:\/\/military-classic-auction.com\/?post_type=product&#038;p=6732"},"modified":"2024-04-13T20:57:47","modified_gmt":"2024-04-13T20:57:47","slug":"baionnette-de-parade-jeunesse-hitlerienne","status":"publish","type":"product","link":"https:\/\/military-classic-auction.com\/en\/product\/baionnette-de-parade-jeunesse-hitlerienne\/","title":{"rendered":"Ba\u00efonnette de parade &#8211; Jeunesse Hitl\u00e9rienne"},"content":{"rendered":"<p>Ba\u00efonnette de parade &#8211; Jeunesse Hitl\u00e9rienne<br \/>\nFabrication : \u00ab\u00a0Eickhorn &#8211; Solingen\u00a0\u00bb<br \/>\nGousset en cuir de couleur noir.<br \/>\nBouton poussoir fonctionnel.<br \/>\nTaille de la lame : 24,5cm.<br \/>\n&#8211;<br \/>\nHitlerjugend parade bayonet<br \/>\nManufactured: \u00ab\u00a0Eickhorn &#8211; Solingen\u00a0\u00bb<br \/>\nBlack leather gusset.<br \/>\nFunctional push button.<br \/>\nBlade size: 9,6&Prime;<\/p>","protected":false},"excerpt":{"rendered":"<p>Ba\u00efonnette de parade &#8211; Jeunesse Hitl\u00e9rienne Fabrication : \u00ab\u00a0Eickhorn &#8211; Solingen\u00a0\u00bb Gousset en cuir de couleur noir. Bouton poussoir fonctionnel. Taille de la lame : 24,5cm. &#8211; Hitlerjugend parade bayonet Manufactured: \u00ab\u00a0Eickhorn &#8211; Solingen\u00a0\u00bb Black leather gusset. Functional push button. Blade size: 9,6&Prime;<\/p>","protected":false},"featured_media":3917,"template":"","meta":[],"product_brand":[],"product_cat":[15],"product_tag":[],"class_list":{"0":"post-6732","1":"product","2":"type-product","3":"status-publish","4":"has-post-thumbnail","6":"product_cat-dagues-3e-202402","8":"first","9":"instock","10":"sold-individually","11":"purchasable","12":"product-type-auction"},"aioseo_notices":[],"_links":{"self":[{"href":"https:\/\/military-classic-auction.com\/en\/wp-json\/wp\/v2\/product\/6732","targetHints":{"allow":["GET"]}}],"collection":[{"href":"https:\/\/military-classic-auction.com\/en\/wp-json\/wp\/v2\/product"}],"about":[{"href":"https:\/\/military-classic-auction.com\/en\/wp-json\/wp\/v2\/types\/product"}],"wp:featuredmedia":[{"embeddable":true,"href":"https:\/\/military-classic-auction.com\/en\/wp-json\/wp\/v2\/media\/3917"}],"wp:attachment":[{"href":"https:\/\/military-classic-auction.com\/en\/wp-json\/wp\/v2\/media?parent=6732"}],"wp:term":[{"taxonomy":"product_brand","embeddable":true,"href":"https:\/\/military-classic-auction.com\/en\/wp-json\/wp\/v2\/product_brand?post=6732"},{"taxonomy":"product_cat","embeddable":true,"href":"https:\/\/military-classic-auction.com\/en\/wp-json\/wp\/v2\/product_cat?post=6732"},{"taxonomy":"product_tag","embeddable":true,"href":"https:\/\/military-classic-auction.com\/en\/wp-json\/wp\/v2\/product_tag?post=6732"}],"curies":[{"name":"wp","href":"https:\/\/api.w.org\/{rel}","templated":true}]}}