{"id":6730,"date":"2024-03-30T14:54:54","date_gmt":"2024-03-30T13:54:54","guid":{"rendered":"https:\/\/military-classic-auction.com\/?post_type=product&#038;p=6730"},"modified":"2024-04-15T04:20:52","modified_gmt":"2024-04-15T04:20:52","slug":"couteau-de-marche-jeunesse-hitlerienne-4","status":"publish","type":"product","link":"https:\/\/military-classic-auction.com\/en\/product\/couteau-de-marche-jeunesse-hitlerienne-4\/","title":{"rendered":"Couteau de marche &#8211; Jeunesse Hitl\u00e9rienne"},"content":{"rendered":"<p>Couteau de marche &#8211; Jeunesse Hitl\u00e9rienne<br \/>\nFabrication : \u00ab\u00a0RZM M7\/51\/39\u00a0\u00bb<br \/>\nPression du porte fourreau fonctionnelle.<br \/>\nTaille de la lame : 14cm<br \/>\n(A noter, l\u00e9ger jeu du losange \u00e9maill\u00e9 HJ)<br \/>\n&#8211;<br \/>\nWalking knife &#8211; Hitler Youth<br \/>\nManufacture: \u00ab\u00a0RZM M7\/51\/39&Prime;<br \/>\nFunctional scabbard holder pressure.<br \/>\nBlade size: 5,5\u00a0\u00bb<br \/>\n(Note, slight play of the HJ enameled diamond)<\/p>","protected":false},"excerpt":{"rendered":"<p>Couteau de marche &#8211; Jeunesse Hitl\u00e9rienne Fabrication : \u00ab\u00a0RZM M7\/51\/39\u00a0\u00bb Pression du porte fourreau fonctionnelle. Taille de la lame : 14cm (A noter, l\u00e9ger jeu du losange \u00e9maill\u00e9 HJ) &#8211; Walking knife &#8211; Hitler Youth Manufacture: \u00ab\u00a0RZM M7\/51\/39&Prime; Functional scabbard holder pressure. Blade size: 5,5\u00a0\u00bb (Note, slight play of the HJ enameled diamond)<\/p>","protected":false},"featured_media":3913,"template":"","meta":[],"product_brand":[],"product_cat":[15],"product_tag":[],"class_list":{"0":"post-6730","1":"product","2":"type-product","3":"status-publish","4":"has-post-thumbnail","6":"product_cat-dagues-3e-202402","8":"first","9":"instock","10":"sold-individually","11":"purchasable","12":"product-type-auction"},"aioseo_notices":[],"_links":{"self":[{"href":"https:\/\/military-classic-auction.com\/en\/wp-json\/wp\/v2\/product\/6730","targetHints":{"allow":["GET"]}}],"collection":[{"href":"https:\/\/military-classic-auction.com\/en\/wp-json\/wp\/v2\/product"}],"about":[{"href":"https:\/\/military-classic-auction.com\/en\/wp-json\/wp\/v2\/types\/product"}],"wp:featuredmedia":[{"embeddable":true,"href":"https:\/\/military-classic-auction.com\/en\/wp-json\/wp\/v2\/media\/3913"}],"wp:attachment":[{"href":"https:\/\/military-classic-auction.com\/en\/wp-json\/wp\/v2\/media?parent=6730"}],"wp:term":[{"taxonomy":"product_brand","embeddable":true,"href":"https:\/\/military-classic-auction.com\/en\/wp-json\/wp\/v2\/product_brand?post=6730"},{"taxonomy":"product_cat","embeddable":true,"href":"https:\/\/military-classic-auction.com\/en\/wp-json\/wp\/v2\/product_cat?post=6730"},{"taxonomy":"product_tag","embeddable":true,"href":"https:\/\/military-classic-auction.com\/en\/wp-json\/wp\/v2\/product_tag?post=6730"}],"curies":[{"name":"wp","href":"https:\/\/api.w.org\/{rel}","templated":true}]}}