{"id":6715,"date":"2024-03-30T14:54:44","date_gmt":"2024-03-30T13:54:44","guid":{"rendered":"https:\/\/military-classic-auction.com\/?post_type=product&#038;p=6715"},"modified":"2024-04-14T11:33:21","modified_gmt":"2024-04-14T11:33:21","slug":"dague-italienne-du-parti-modele-1937-3","status":"publish","type":"product","link":"https:\/\/military-classic-auction.com\/en\/product\/dague-italienne-du-parti-modele-1937-3\/","title":{"rendered":"Dague italienne du parti &#8211; Mod\u00e8le 1937"},"content":{"rendered":"<p>Dague italienne du parti &#8211; Mod\u00e8le 1937<br \/>\nSuspente, du mod\u00e8le pour le Petite Tenue, en cuir fin noirci.<br \/>\nMousqueton avec aigle fasciste stylis\u00e9, surmontant un \u00ab\u00a0M\u00a0\u00bb, de Mussolini.<br \/>\nTaille de la lame : 19,5cm.<br \/>\n&#8211;<br \/>\nItalian party dagger &#8211; Model 1937<br \/>\nSuspension dagger, of the \u00a0\u00bb small dress \u00a0\u00bb model, in fine blackened leather. <\/p>\n<p>Snap hook with stylized fascist eagle, surmounted by an \u00ab\u00a0M\u00a0\u00bb, of Mussolini.<\/p>\n<p>Blade size: 7,48&Prime;.<\/p>","protected":false},"excerpt":{"rendered":"<p>Dague italienne du parti &#8211; Mod\u00e8le 1937 Suspente, du mod\u00e8le pour le Petite Tenue, en cuir fin noirci. Mousqueton avec aigle fasciste stylis\u00e9, surmontant un \u00ab\u00a0M\u00a0\u00bb, de Mussolini. Taille de la lame : 19,5cm. &#8211; Italian party dagger &#8211; Model 1937 Suspension dagger, of the \u00a0\u00bb small dress \u00a0\u00bb model, in fine blackened leather. Snap<a class=\"more-link\" href=\"https:\/\/military-classic-auction.com\/en\/product\/dague-italienne-du-parti-modele-1937-3\/\">Read more  &#10230;<\/a><\/p>","protected":false},"featured_media":3703,"template":"","meta":[],"product_brand":[],"product_cat":[15],"product_tag":[],"class_list":{"0":"post-6715","1":"product","2":"type-product","3":"status-publish","4":"has-post-thumbnail","6":"product_cat-dagues-3e-202402","8":"first","9":"instock","10":"sold-individually","11":"purchasable","12":"product-type-auction"},"aioseo_notices":[],"_links":{"self":[{"href":"https:\/\/military-classic-auction.com\/en\/wp-json\/wp\/v2\/product\/6715","targetHints":{"allow":["GET"]}}],"collection":[{"href":"https:\/\/military-classic-auction.com\/en\/wp-json\/wp\/v2\/product"}],"about":[{"href":"https:\/\/military-classic-auction.com\/en\/wp-json\/wp\/v2\/types\/product"}],"wp:featuredmedia":[{"embeddable":true,"href":"https:\/\/military-classic-auction.com\/en\/wp-json\/wp\/v2\/media\/3703"}],"wp:attachment":[{"href":"https:\/\/military-classic-auction.com\/en\/wp-json\/wp\/v2\/media?parent=6715"}],"wp:term":[{"taxonomy":"product_brand","embeddable":true,"href":"https:\/\/military-classic-auction.com\/en\/wp-json\/wp\/v2\/product_brand?post=6715"},{"taxonomy":"product_cat","embeddable":true,"href":"https:\/\/military-classic-auction.com\/en\/wp-json\/wp\/v2\/product_cat?post=6715"},{"taxonomy":"product_tag","embeddable":true,"href":"https:\/\/military-classic-auction.com\/en\/wp-json\/wp\/v2\/product_tag?post=6715"}],"curies":[{"name":"wp","href":"https:\/\/api.w.org\/{rel}","templated":true}]}}