{"id":6714,"date":"2024-03-30T14:54:43","date_gmt":"2024-03-30T13:54:43","guid":{"rendered":"https:\/\/military-classic-auction.com\/?post_type=product&#038;p=6714"},"modified":"2024-04-14T11:34:30","modified_gmt":"2024-04-14T11:34:30","slug":"dague-italienne-du-parti-modele-1937-2","status":"publish","type":"product","link":"https:\/\/military-classic-auction.com\/en\/product\/dague-italienne-du-parti-modele-1937-2\/","title":{"rendered":"Dague italienne du parti &#8211; Mod\u00e8le 1937"},"content":{"rendered":"<p>Dague italienne du parti &#8211; Mod\u00e8le 1937<br \/>\nSuspente, du mod\u00e8le pour la Petite Tenue, m\u00e9tallique.<br \/>\nMousqueton avec aigle fasciste, surmontant un \u00ab\u00a0M\u00a0\u00bb, de Mussolini.<br \/>\nTaille de la lame : 19,5cm.<br \/>\n&#8211;<br \/>\nItalian Party Dagger &#8211; Model 1937<\/p>\n<p>Hanger, of the model for the small dress, metallic.<br \/>\nSnap hook with Fascist eagle, surmounted by an \u00ab\u00a0M\u00a0\u00bb, of Mussolini.<br \/>\nBlade size: 7,5&Prime;<\/p>","protected":false},"excerpt":{"rendered":"<p>Dague italienne du parti &#8211; Mod\u00e8le 1937 Suspente, du mod\u00e8le pour la Petite Tenue, m\u00e9tallique. Mousqueton avec aigle fasciste, surmontant un \u00ab\u00a0M\u00a0\u00bb, de Mussolini. Taille de la lame : 19,5cm. &#8211; Italian Party Dagger &#8211; Model 1937 Hanger, of the model for the small dress, metallic. Snap hook with Fascist eagle, surmounted by an \u00ab\u00a0M\u00a0\u00bb,<a class=\"more-link\" href=\"https:\/\/military-classic-auction.com\/en\/product\/dague-italienne-du-parti-modele-1937-2\/\">Read more  &#10230;<\/a><\/p>","protected":false},"featured_media":3761,"template":"","meta":[],"product_brand":[],"product_cat":[15],"product_tag":[],"class_list":{"0":"post-6714","1":"product","2":"type-product","3":"status-publish","4":"has-post-thumbnail","6":"product_cat-dagues-3e-202402","8":"first","9":"instock","10":"sold-individually","11":"purchasable","12":"product-type-auction"},"aioseo_notices":[],"_links":{"self":[{"href":"https:\/\/military-classic-auction.com\/en\/wp-json\/wp\/v2\/product\/6714","targetHints":{"allow":["GET"]}}],"collection":[{"href":"https:\/\/military-classic-auction.com\/en\/wp-json\/wp\/v2\/product"}],"about":[{"href":"https:\/\/military-classic-auction.com\/en\/wp-json\/wp\/v2\/types\/product"}],"wp:featuredmedia":[{"embeddable":true,"href":"https:\/\/military-classic-auction.com\/en\/wp-json\/wp\/v2\/media\/3761"}],"wp:attachment":[{"href":"https:\/\/military-classic-auction.com\/en\/wp-json\/wp\/v2\/media?parent=6714"}],"wp:term":[{"taxonomy":"product_brand","embeddable":true,"href":"https:\/\/military-classic-auction.com\/en\/wp-json\/wp\/v2\/product_brand?post=6714"},{"taxonomy":"product_cat","embeddable":true,"href":"https:\/\/military-classic-auction.com\/en\/wp-json\/wp\/v2\/product_cat?post=6714"},{"taxonomy":"product_tag","embeddable":true,"href":"https:\/\/military-classic-auction.com\/en\/wp-json\/wp\/v2\/product_tag?post=6714"}],"curies":[{"name":"wp","href":"https:\/\/api.w.org\/{rel}","templated":true}]}}