{"id":6707,"date":"2024-03-30T14:54:39","date_gmt":"2024-03-30T13:54:39","guid":{"rendered":"https:\/\/military-classic-auction.com\/?post_type=product&#038;p=6707"},"modified":"2024-04-13T13:22:45","modified_gmt":"2024-04-13T13:22:45","slug":"dague-personnel-subalterne-modele-1936","status":"publish","type":"product","link":"https:\/\/military-classic-auction.com\/en\/product\/dague-personnel-subalterne-modele-1936\/","title":{"rendered":"Dague Personnel Subalterne &#8211; Mod\u00e8le 1936"},"content":{"rendered":"<p>Dague Personnel Subalterne &#8211; Mod\u00e8le 1936<br \/>\nFabrication : \u00ab\u00a0Kroneck &#8211; Solingen\u00a0\u00bb<br \/>\nB\u00e9li\u00e8re pr\u00e9sente, crochet fonctionnel de fabrication \u00ab\u00a0olo\u00a0\u00bb.<br \/>\nTaille de la lame : 22cm.<br \/>\n&#8211;<br \/>\nJunior Personnel Dagger &#8211; Model 1936<br \/>\nManufactured: \u00ab\u00a0Kroneck &#8211; Solingen\u00a0\u00bb<br \/>\nPresent bail, functional hook made \u00ab\u00a0olo\u00a0\u00bb.<br \/>\nBlade size: 8,6&Prime;<\/p>","protected":false},"excerpt":{"rendered":"<p>Dague Personnel Subalterne &#8211; Mod\u00e8le 1936 Fabrication : \u00ab\u00a0Kroneck &#8211; Solingen\u00a0\u00bb B\u00e9li\u00e8re pr\u00e9sente, crochet fonctionnel de fabrication \u00ab\u00a0olo\u00a0\u00bb. Taille de la lame : 22cm. &#8211; Junior Personnel Dagger &#8211; Model 1936 Manufactured: \u00ab\u00a0Kroneck &#8211; Solingen\u00a0\u00bb Present bail, functional hook made \u00ab\u00a0olo\u00a0\u00bb. Blade size: 8,6&Prime;<\/p>","protected":false},"featured_media":3611,"template":"","meta":[],"product_brand":[],"product_cat":[15],"product_tag":[],"class_list":{"0":"post-6707","1":"product","2":"type-product","3":"status-publish","4":"has-post-thumbnail","6":"product_cat-dagues-3e-202402","8":"first","9":"instock","10":"sold-individually","11":"purchasable","12":"product-type-auction"},"aioseo_notices":[],"_links":{"self":[{"href":"https:\/\/military-classic-auction.com\/en\/wp-json\/wp\/v2\/product\/6707","targetHints":{"allow":["GET"]}}],"collection":[{"href":"https:\/\/military-classic-auction.com\/en\/wp-json\/wp\/v2\/product"}],"about":[{"href":"https:\/\/military-classic-auction.com\/en\/wp-json\/wp\/v2\/types\/product"}],"wp:featuredmedia":[{"embeddable":true,"href":"https:\/\/military-classic-auction.com\/en\/wp-json\/wp\/v2\/media\/3611"}],"wp:attachment":[{"href":"https:\/\/military-classic-auction.com\/en\/wp-json\/wp\/v2\/media?parent=6707"}],"wp:term":[{"taxonomy":"product_brand","embeddable":true,"href":"https:\/\/military-classic-auction.com\/en\/wp-json\/wp\/v2\/product_brand?post=6707"},{"taxonomy":"product_cat","embeddable":true,"href":"https:\/\/military-classic-auction.com\/en\/wp-json\/wp\/v2\/product_cat?post=6707"},{"taxonomy":"product_tag","embeddable":true,"href":"https:\/\/military-classic-auction.com\/en\/wp-json\/wp\/v2\/product_tag?post=6707"}],"curies":[{"name":"wp","href":"https:\/\/api.w.org\/{rel}","templated":true}]}}