{"id":6688,"date":"2024-03-30T14:54:27","date_gmt":"2024-03-30T13:54:27","guid":{"rendered":"https:\/\/military-classic-auction.com\/?post_type=product&#038;p=6688"},"modified":"2024-03-30T14:54:28","modified_gmt":"2024-03-30T13:54:28","slug":"dague-dofficier-luftwaffe-prototype","status":"publish","type":"product","link":"https:\/\/military-classic-auction.com\/en\/product\/dague-dofficier-luftwaffe-prototype\/","title":{"rendered":"Dague d&rsquo;officier Luftwaffe \u00ab\u00a0Prototype\u00a0\u00bb"},"content":{"rendered":"<p>Dague d&rsquo;officier Luftwaffe \u00ab\u00a0Prototype\u00a0\u00bb<br \/>\nTr\u00e8s Rare dague de pr\u00e9sentation pour validation d&rsquo;un type non retenu par le Mar\u00e9chal Hermann G\u00f6ring<br \/>\nFabrication : \u00ab\u00a0Paul Weyersberg &#038; Co. Berlin.\u00a0\u00bb<br \/>\nFourreau avec d\u00e9cor de feuilles de ch\u00eane.<br \/>\nTaille de la Lame : 25,5cm.<br \/>\n&#8211;<br \/>\nLuftwaffe officer&rsquo;s dagger \u00ab\u00a0Prototype\u00a0\u00bb<br \/>\nVery rare presentation dagger for validation of a type not retained by Marshal Hermann G\u00f6ring<br \/>\nManufactured: \u00ab\u00a0Paul Weyersberg &#038; Co. Berlin.\u00a0\u00bb<br \/>\nScabbard with oak leaf decoration.<br \/>\nBlade size: 10&Prime;<\/p>","protected":false},"excerpt":{"rendered":"<p>Dague d&rsquo;officier Luftwaffe \u00ab\u00a0Prototype\u00a0\u00bb Tr\u00e8s Rare dague de pr\u00e9sentation pour validation d&rsquo;un type non retenu par le Mar\u00e9chal Hermann G\u00f6ring Fabrication : \u00ab\u00a0Paul Weyersberg &#038; Co. Berlin.\u00a0\u00bb Fourreau avec d\u00e9cor de feuilles de ch\u00eane. Taille de la Lame : 25,5cm. &#8211; Luftwaffe officer&rsquo;s dagger \u00ab\u00a0Prototype\u00a0\u00bb Very rare presentation dagger for validation of a type not<a class=\"more-link\" href=\"https:\/\/military-classic-auction.com\/en\/product\/dague-dofficier-luftwaffe-prototype\/\">Read more  &#10230;<\/a><\/p>","protected":false},"featured_media":3403,"template":"","meta":[],"product_brand":[],"product_cat":[15],"product_tag":[],"class_list":{"0":"post-6688","1":"product","2":"type-product","3":"status-publish","4":"has-post-thumbnail","6":"product_cat-dagues-3e-202402","8":"first","9":"instock","10":"sold-individually","11":"purchasable","12":"product-type-auction"},"aioseo_notices":[],"_links":{"self":[{"href":"https:\/\/military-classic-auction.com\/en\/wp-json\/wp\/v2\/product\/6688","targetHints":{"allow":["GET"]}}],"collection":[{"href":"https:\/\/military-classic-auction.com\/en\/wp-json\/wp\/v2\/product"}],"about":[{"href":"https:\/\/military-classic-auction.com\/en\/wp-json\/wp\/v2\/types\/product"}],"wp:featuredmedia":[{"embeddable":true,"href":"https:\/\/military-classic-auction.com\/en\/wp-json\/wp\/v2\/media\/3403"}],"wp:attachment":[{"href":"https:\/\/military-classic-auction.com\/en\/wp-json\/wp\/v2\/media?parent=6688"}],"wp:term":[{"taxonomy":"product_brand","embeddable":true,"href":"https:\/\/military-classic-auction.com\/en\/wp-json\/wp\/v2\/product_brand?post=6688"},{"taxonomy":"product_cat","embeddable":true,"href":"https:\/\/military-classic-auction.com\/en\/wp-json\/wp\/v2\/product_cat?post=6688"},{"taxonomy":"product_tag","embeddable":true,"href":"https:\/\/military-classic-auction.com\/en\/wp-json\/wp\/v2\/product_tag?post=6688"}],"curies":[{"name":"wp","href":"https:\/\/api.w.org\/{rel}","templated":true}]}}