{"id":6686,"date":"2024-03-30T14:54:26","date_gmt":"2024-03-30T13:54:26","guid":{"rendered":"https:\/\/military-classic-auction.com\/?post_type=product&#038;p=6686"},"modified":"2024-04-14T12:18:02","modified_gmt":"2024-04-14T12:18:02","slug":"dague-dofficier-kriegsmarine-6","status":"publish","type":"product","link":"https:\/\/military-classic-auction.com\/en\/product\/dague-dofficier-kriegsmarine-6\/","title":{"rendered":"Dague d&rsquo;officier &#8211; Kriegsmarine"},"content":{"rendered":"<p>Dague d&rsquo;officier &#8211; Kriegsmarine<br \/>\nFabrication : \u00ab\u00a0WKC\u00a0\u00bb<br \/>\nLame grav\u00e9e et nominative \u00ab\u00a0Moritz\u00a0\u00bb<br \/>\nB\u00e9li\u00e8re et dragonne pr\u00e9sentes.<br \/>\nTaille de la lame : 25cm<br \/>\n(Usures sur fourreau)<br \/>\n&#8211;<br \/>\nOfficer&rsquo;s dagger &#8211; Kriegsmarine<br \/>\nManufactured: \u00ab\u00a0WKC\u00a0\u00bb<br \/>\nBlade engraved and named \u00ab\u00a0Moritz\u00a0\u00bb<br \/>\nBail and wrist strap present.<br \/>\nBlade size: 9,8&Prime;<br \/>\n(Wear on scabbard)<\/p>","protected":false},"excerpt":{"rendered":"<p>Dague d&rsquo;officier &#8211; Kriegsmarine Fabrication : \u00ab\u00a0WKC\u00a0\u00bb Lame grav\u00e9e et nominative \u00ab\u00a0Moritz\u00a0\u00bb B\u00e9li\u00e8re et dragonne pr\u00e9sentes. Taille de la lame : 25cm (Usures sur fourreau) &#8211; Officer&rsquo;s dagger &#8211; Kriegsmarine Manufactured: \u00ab\u00a0WKC\u00a0\u00bb Blade engraved and named \u00ab\u00a0Moritz\u00a0\u00bb Bail and wrist strap present. Blade size: 9,8&Prime; (Wear on scabbard)<\/p>","protected":false},"featured_media":3377,"template":"","meta":[],"product_brand":[],"product_cat":[15],"product_tag":[],"class_list":{"0":"post-6686","1":"product","2":"type-product","3":"status-publish","4":"has-post-thumbnail","6":"product_cat-dagues-3e-202402","8":"first","9":"instock","10":"sold-individually","11":"purchasable","12":"product-type-auction"},"aioseo_notices":[],"_links":{"self":[{"href":"https:\/\/military-classic-auction.com\/en\/wp-json\/wp\/v2\/product\/6686","targetHints":{"allow":["GET"]}}],"collection":[{"href":"https:\/\/military-classic-auction.com\/en\/wp-json\/wp\/v2\/product"}],"about":[{"href":"https:\/\/military-classic-auction.com\/en\/wp-json\/wp\/v2\/types\/product"}],"wp:featuredmedia":[{"embeddable":true,"href":"https:\/\/military-classic-auction.com\/en\/wp-json\/wp\/v2\/media\/3377"}],"wp:attachment":[{"href":"https:\/\/military-classic-auction.com\/en\/wp-json\/wp\/v2\/media?parent=6686"}],"wp:term":[{"taxonomy":"product_brand","embeddable":true,"href":"https:\/\/military-classic-auction.com\/en\/wp-json\/wp\/v2\/product_brand?post=6686"},{"taxonomy":"product_cat","embeddable":true,"href":"https:\/\/military-classic-auction.com\/en\/wp-json\/wp\/v2\/product_cat?post=6686"},{"taxonomy":"product_tag","embeddable":true,"href":"https:\/\/military-classic-auction.com\/en\/wp-json\/wp\/v2\/product_tag?post=6686"}],"curies":[{"name":"wp","href":"https:\/\/api.w.org\/{rel}","templated":true}]}}