{"id":6683,"date":"2024-03-30T14:54:25","date_gmt":"2024-03-30T13:54:25","guid":{"rendered":"https:\/\/military-classic-auction.com\/?post_type=product&#038;p=6683"},"modified":"2024-04-26T11:56:56","modified_gmt":"2024-04-26T11:56:56","slug":"dague-dofficier-kriegsmarine-3","status":"publish","type":"product","link":"https:\/\/military-classic-auction.com\/en\/product\/dague-dofficier-kriegsmarine-3\/","title":{"rendered":"Dague d&rsquo;officier &#8211; Kriegsmarine"},"content":{"rendered":"<p>Dague d&rsquo;officier &#8211; Kriegsmarine<br \/>\nFabrication : \u00ab\u00a0Eickhorn &#8211; Solingen\u00a0\u00bb<br \/>\nLame grav\u00e9e et personnalis\u00e9e.<br \/>\nLame et fourreau num\u00e9rot\u00e9s : \u00ab\u00a0056\u00a0\u00bb<br \/>\nDragonne pr\u00e9sente mais \u00e9poque non certifi\u00e9e.<br \/>\nUsures sur fourreau.<br \/>\nTaille de la lame : 25cm<br \/>\n&#8211;<br \/>\nOfficer&rsquo;s dagger &#8211; Kriegsmarine<br \/>\nManufactured: \u00ab\u00a0Eickhorn &#8211; Solingen\u00a0\u00bb<br \/>\nEngraved and personalized blade.<br \/>\nBlade and sheath numbered: \u00ab\u00a0056\u00a0\u00bb<br \/>\nStrap present but period not certified.<br \/>\nWear on scabbard.<br \/>\nBlade size: 9,8&Prime;<br \/>\n&#8211;<\/p>","protected":false},"excerpt":{"rendered":"<p>Dague d&rsquo;officier &#8211; Kriegsmarine Fabrication : \u00ab\u00a0Eickhorn &#8211; Solingen\u00a0\u00bb Lame grav\u00e9e et personnalis\u00e9e. Lame et fourreau num\u00e9rot\u00e9s : \u00ab\u00a0056\u00a0\u00bb Dragonne pr\u00e9sente mais \u00e9poque non certifi\u00e9e. Usures sur fourreau. Taille de la lame : 25cm &#8211; Officer&rsquo;s dagger &#8211; Kriegsmarine Manufactured: \u00ab\u00a0Eickhorn &#8211; Solingen\u00a0\u00bb Engraved and personalized blade. Blade and sheath numbered: \u00ab\u00a0056\u00a0\u00bb Strap present but<a class=\"more-link\" href=\"https:\/\/military-classic-auction.com\/en\/product\/dague-dofficier-kriegsmarine-3\/\">Read more  &#10230;<\/a><\/p>","protected":false},"featured_media":3342,"template":"","meta":[],"product_brand":[],"product_cat":[15],"product_tag":[],"class_list":{"0":"post-6683","1":"product","2":"type-product","3":"status-publish","4":"has-post-thumbnail","6":"product_cat-dagues-3e-202402","8":"first","9":"instock","10":"sold-individually","11":"purchasable","12":"product-type-auction"},"aioseo_notices":[],"_links":{"self":[{"href":"https:\/\/military-classic-auction.com\/en\/wp-json\/wp\/v2\/product\/6683","targetHints":{"allow":["GET"]}}],"collection":[{"href":"https:\/\/military-classic-auction.com\/en\/wp-json\/wp\/v2\/product"}],"about":[{"href":"https:\/\/military-classic-auction.com\/en\/wp-json\/wp\/v2\/types\/product"}],"wp:featuredmedia":[{"embeddable":true,"href":"https:\/\/military-classic-auction.com\/en\/wp-json\/wp\/v2\/media\/3342"}],"wp:attachment":[{"href":"https:\/\/military-classic-auction.com\/en\/wp-json\/wp\/v2\/media?parent=6683"}],"wp:term":[{"taxonomy":"product_brand","embeddable":true,"href":"https:\/\/military-classic-auction.com\/en\/wp-json\/wp\/v2\/product_brand?post=6683"},{"taxonomy":"product_cat","embeddable":true,"href":"https:\/\/military-classic-auction.com\/en\/wp-json\/wp\/v2\/product_cat?post=6683"},{"taxonomy":"product_tag","embeddable":true,"href":"https:\/\/military-classic-auction.com\/en\/wp-json\/wp\/v2\/product_tag?post=6683"}],"curies":[{"name":"wp","href":"https:\/\/api.w.org\/{rel}","templated":true}]}}