{"id":20293,"date":"2026-02-28T23:01:21","date_gmt":"2026-02-28T21:01:21","guid":{"rendered":"https:\/\/military-classic-auction.com\/?post_type=product&#038;p=20293"},"modified":"2026-02-28T23:01:21","modified_gmt":"2026-02-28T21:01:21","slug":"us-army-caisses-et-materiels-divers","status":"publish","type":"product","link":"https:\/\/military-classic-auction.com\/en\/product\/us-army-caisses-et-materiels-divers\/","title":{"rendered":"US ARMY caisses et mat\u00e9riels divers&#8230;"},"content":{"rendered":"<p>Rendez-vous avec l\u2019Histoire, les 11 et 12 avril prochain\u2026<br \/>\nImplant\u00e9 et n\u00e9 dans la ruralit\u00e9 Normande, terre d\u2019histoire et de terroir, notre passionn\u00e9 a r\u00e9uni sur de nombreuses ann\u00e9es une importante et rare collection de pi\u00e8ces et objets authentiques, d\u00e9nich\u00e9s patiemment dans les fermes de plusieurs secteurs mythiques des champs de batailles Normands.<br \/>\nAuthentique, cette collection de militaria est un t\u00e9moignage historique de cet \u00e9t\u00e9 1944 qui changea d\u00e9finitivement la destin\u00e9e de la France et de l\u2019Europe. Des plages du d\u00e9barquement des secteurs anglo-canadiens, sur l\u2019axe des villes de Bayeux \u00e0 Vire en passant par les villages de Caumont l\u2019\u00e9vent\u00e9 et Villers Bocage, retrouvez plus de 700 pi\u00e8ces de collections dont certaines remarquables\u2026<\/p>\n<p><em>You have a date with history on April 11 and 12\u2026<\/em><\/p>\n<p><em>Based in rural Normandy, a land steeped in history and tradition, our enthusiast has spent many years building up a large and rare collection of authentic items and objects, patiently unearthed from farms in several legendary areas of the Normandy battlefields.This authentic collection of military memorabilia is a historical testimony to the summer of 1944, which changed the destiny of France and Europe forever.From the Anglo-Canadian landing beaches, along the axis of the towns of Bayeux and Vire, passing through the villages of Caumont l\u2019\u00c9vent\u00e9 and Villers Bocage, discover more than 700 collection items, some of which are truly remarkable\u2026<\/em><\/p>","protected":false},"excerpt":{"rendered":"<p>Rendez-vous avec l\u2019Histoire, les 11 et 12 avril prochain\u2026 Implant\u00e9 et n\u00e9 dans la ruralit\u00e9 Normande, terre d\u2019histoire et de terroir, notre passionn\u00e9 a r\u00e9uni sur de nombreuses ann\u00e9es une importante et rare collection de pi\u00e8ces et objets authentiques, d\u00e9nich\u00e9s patiemment dans les fermes de plusieurs secteurs mythiques des champs de batailles Normands. Authentique, cette<a class=\"more-link\" href=\"https:\/\/military-classic-auction.com\/en\/product\/us-army-caisses-et-materiels-divers\/\">Read more  &#10230;<\/a><\/p>","protected":false},"featured_media":20294,"template":"","meta":[],"product_brand":[],"product_cat":[88],"product_tag":[],"class_list":{"0":"post-20293","1":"product","2":"type-product","3":"status-publish","4":"has-post-thumbnail","6":"product_cat-ete-1944-une-collection-en-normandie","8":"first","9":"instock","10":"sold-individually","11":"taxable","12":"shipping-taxable","13":"product-type-simple"},"aioseo_notices":[],"_links":{"self":[{"href":"https:\/\/military-classic-auction.com\/en\/wp-json\/wp\/v2\/product\/20293","targetHints":{"allow":["GET"]}}],"collection":[{"href":"https:\/\/military-classic-auction.com\/en\/wp-json\/wp\/v2\/product"}],"about":[{"href":"https:\/\/military-classic-auction.com\/en\/wp-json\/wp\/v2\/types\/product"}],"wp:featuredmedia":[{"embeddable":true,"href":"https:\/\/military-classic-auction.com\/en\/wp-json\/wp\/v2\/media\/20294"}],"wp:attachment":[{"href":"https:\/\/military-classic-auction.com\/en\/wp-json\/wp\/v2\/media?parent=20293"}],"wp:term":[{"taxonomy":"product_brand","embeddable":true,"href":"https:\/\/military-classic-auction.com\/en\/wp-json\/wp\/v2\/product_brand?post=20293"},{"taxonomy":"product_cat","embeddable":true,"href":"https:\/\/military-classic-auction.com\/en\/wp-json\/wp\/v2\/product_cat?post=20293"},{"taxonomy":"product_tag","embeddable":true,"href":"https:\/\/military-classic-auction.com\/en\/wp-json\/wp\/v2\/product_tag?post=20293"}],"curies":[{"name":"wp","href":"https:\/\/api.w.org\/{rel}","templated":true}]}}