{"id":20279,"date":"2026-02-25T22:47:06","date_gmt":"2026-02-25T20:47:06","guid":{"rendered":"https:\/\/military-classic-auction.com\/?post_type=product&#038;p=20279"},"modified":"2026-02-25T22:47:06","modified_gmt":"2026-02-25T20:47:06","slug":"gilets-dassaut-us-army-29th-di","status":"publish","type":"product","link":"https:\/\/military-classic-auction.com\/en\/product\/gilets-dassaut-us-army-29th-di\/","title":{"rendered":"Gilets d&rsquo;Assaut &#8211; US Army &#8211; 29th DI"},"content":{"rendered":"<p><b>Reliques exceptionnelles de la Bataille de Normandie, secteur de Saint L\u00f4 dans la Manche, secteur 29<\/b><b><sup>th <\/sup><\/b><b>DI\u2026<\/b><\/p>\n<p>Pi\u00e8ce dans son \u00e9tat de d\u00e9couverte, non nettoy\u00e9e. Fabrication : J.A. SHOE\u20141944, Teinte US OD-3<\/p>\n<p><em>Exceptional relics from the Battle of Normandy, Saint-L\u00f4 sector in the Manche department, 29th Infantry Division sector&#8230;<\/em><br \/>\n<em>Item in its original condition, uncleaned. Manufacturer: J.A. SHOE\u20141944, US OD-3 color<\/em><\/p>\n<p>&nbsp;<\/p>\n<p>&nbsp;<\/p>","protected":false},"excerpt":{"rendered":"<p>Reliques exceptionnelles de la Bataille de Normandie, secteur de Saint L\u00f4 dans la Manche, secteur 29th DI\u2026 Pi\u00e8ce dans son \u00e9tat de d\u00e9couverte, non nettoy\u00e9e. Fabrication : J.A. SHOE\u20141944, Teinte US OD-3 Exceptional relics from the Battle of Normandy, Saint-L\u00f4 sector in the Manche department, 29th Infantry Division sector&#8230; Item in its original condition, uncleaned.<a class=\"more-link\" href=\"https:\/\/military-classic-auction.com\/en\/product\/gilets-dassaut-us-army-29th-di\/\">Read more  &#10230;<\/a><\/p>","protected":false},"featured_media":20280,"template":"","meta":[],"product_brand":[],"product_cat":[87],"product_tag":[],"class_list":{"0":"post-20279","1":"product","2":"type-product","3":"status-publish","4":"has-post-thumbnail","6":"product_cat-collections-automobiles-militaria","8":"first","9":"instock","10":"sold-individually","11":"taxable","12":"shipping-taxable","13":"product-type-simple"},"aioseo_notices":[],"_links":{"self":[{"href":"https:\/\/military-classic-auction.com\/en\/wp-json\/wp\/v2\/product\/20279","targetHints":{"allow":["GET"]}}],"collection":[{"href":"https:\/\/military-classic-auction.com\/en\/wp-json\/wp\/v2\/product"}],"about":[{"href":"https:\/\/military-classic-auction.com\/en\/wp-json\/wp\/v2\/types\/product"}],"wp:featuredmedia":[{"embeddable":true,"href":"https:\/\/military-classic-auction.com\/en\/wp-json\/wp\/v2\/media\/20280"}],"wp:attachment":[{"href":"https:\/\/military-classic-auction.com\/en\/wp-json\/wp\/v2\/media?parent=20279"}],"wp:term":[{"taxonomy":"product_brand","embeddable":true,"href":"https:\/\/military-classic-auction.com\/en\/wp-json\/wp\/v2\/product_brand?post=20279"},{"taxonomy":"product_cat","embeddable":true,"href":"https:\/\/military-classic-auction.com\/en\/wp-json\/wp\/v2\/product_cat?post=20279"},{"taxonomy":"product_tag","embeddable":true,"href":"https:\/\/military-classic-auction.com\/en\/wp-json\/wp\/v2\/product_tag?post=20279"}],"curies":[{"name":"wp","href":"https:\/\/api.w.org\/{rel}","templated":true}]}}